{"id":485,"date":"2018-04-23T17:08:47","date_gmt":"2018-04-23T17:08:47","guid":{"rendered":"http:\/\/vivamare.gr\/?page_id=485"},"modified":"2018-12-27T18:44:13","modified_gmt":"2018-12-27T18:44:13","slug":"temas","status":"publish","type":"page","link":"https:\/\/vivamare.gr\/tr\/temas\/","title":{"rendered":"Temas"},"content":{"rendered":"<div id=\"pl-485\"  class=\"panel-layout\" ><div id=\"pg-485-0\"  class=\"panel-grid panel-no-style\" ><div id=\"pgc-485-0-0\"  class=\"panel-grid-cell\" ><div id=\"panel-485-0-0-0\" class=\"widget_text so-panel widget widget_custom_html panel-first-child\" data-index=\"0\" ><div class=\"textwidget custom-html-widget\"><iframe src=\"https:\/\/www.google.com\/maps\/embed?pb=!1m18!1m12!1m3!1d3084.2565280044137!2d26.19269631536452!3d39.3730699795001!2m3!1f0!2f0!3f0!3m2!1i1024!2i768!4f13.1!3m3!1m2!1s0x14ba9b0fdf175daf%3A0xe31c19a14017df4c!2sViva+Mare+Hotel!5e0!3m2!1sel!2sgr!4v1545035789956\" width=\"600\" height=\"450\" frameborder=\"0\" style=\"border:0\" allowfullscreen><\/iframe><\/div><\/div><div id=\"panel-485-0-0-1\" class=\"widget_text so-panel widget widget_custom_html panel-last-child\" data-index=\"1\" ><div class=\"textwidget custom-html-widget\"><p style=\"font-size: 17px;\"><i class=\"fa fa-map\"><\/i>: Eftalou - Molivos, Lesvos<\/p>\n<p style=\"font-size: 17px;\"><i class=\"fa fa-phone\"><\/i>: <a style=\"color: black;\" href=\"tel:+302253072014\"> +30 22530 72014 <\/a><\/p>\n<p style=\"font-size: 17px;\"><i class=\"fa fa-fax\"><\/i>: +30 22530 72075 <\/p>\n<p style=\"font-size: 17px;\"><i class=\"fa fa-at\"><\/i>: alkaios1@otenet.gr<\/p><\/div><\/div><\/div><div id=\"pgc-485-0-1\"  class=\"panel-grid-cell\" ><div id=\"panel-485-0-1-0\" class=\"so-panel widget widget_sow-editor panel-first-child panel-last-child\" data-index=\"2\" ><div\n\t\t\t\n\t\t\tclass=\"so-widget-sow-editor so-widget-sow-editor-base\"\n\t\t\t\n\t\t>\n<div class=\"siteorigin-widget-tinymce textwidget\">\n\t\n<div class=\"wpcf7 no-js\" id=\"wpcf7-f938-o1\" lang=\"en\" dir=\"ltr\">\n<div class=\"screen-reader-response\"><p role=\"status\" aria-live=\"polite\" aria-atomic=\"true\"><\/p> <ul><\/ul><\/div>\n<form action=\"\/tr\/wp-json\/wp\/v2\/pages\/485#wpcf7-f938-o1\" method=\"post\" class=\"wpcf7-form init\" aria-label=\"Contact form\" novalidate=\"novalidate\" data-status=\"init\">\n<div style=\"display: none;\">\n<input type=\"hidden\" name=\"_wpcf7\" value=\"938\" \/>\n<input type=\"hidden\" name=\"_wpcf7_version\" value=\"5.7.7\" \/>\n<input type=\"hidden\" name=\"_wpcf7_locale\" value=\"en\" \/>\n<input type=\"hidden\" name=\"_wpcf7_unit_tag\" value=\"wpcf7-f938-o1\" \/>\n<input type=\"hidden\" name=\"_wpcf7_container_post\" value=\"0\" \/>\n<input type=\"hidden\" name=\"_wpcf7_posted_data_hash\" value=\"\" \/>\n<input type=\"hidden\" name=\"_wpcf7_recaptcha_response\" value=\"\" \/>\n<\/div>\n<p><label> Ad\u0131n\u0131z (gerekli)<br \/>\n<span class=\"wpcf7-form-control-wrap\" data-name=\"your-name\"><input size=\"40\" class=\"wpcf7-form-control wpcf7-text wpcf7-validates-as-required\" aria-required=\"true\" aria-invalid=\"false\" value=\"\" type=\"text\" name=\"your-name\" \/><\/span> <\/label>\n<\/p>\n<p><label> Eposta Adresiniz (gerekli)<br \/>\n<span class=\"wpcf7-form-control-wrap\" data-name=\"your-email\"><input size=\"40\" class=\"wpcf7-form-control wpcf7-text wpcf7-email wpcf7-validates-as-required wpcf7-validates-as-email\" aria-required=\"true\" aria-invalid=\"false\" value=\"\" type=\"email\" name=\"your-email\" \/><\/span> <\/label>\n<\/p>\n<p><label> Konu<br \/>\n<span class=\"wpcf7-form-control-wrap\" data-name=\"your-subject\"><input size=\"40\" class=\"wpcf7-form-control wpcf7-text\" aria-invalid=\"false\" value=\"\" type=\"text\" name=\"your-subject\" \/><\/span> <\/label>\n<\/p>\n<p><label> Mesaj\u0131n<br \/>\n<span class=\"wpcf7-form-control-wrap\" data-name=\"your-message\"><textarea cols=\"40\" rows=\"10\" class=\"wpcf7-form-control wpcf7-textarea\" aria-invalid=\"false\" name=\"your-message\"><\/textarea><\/span> <\/label>\n<\/p>\n<p><input class=\"wpcf7-form-control has-spinner wpcf7-submit\" type=\"submit\" value=\"G\u00f6ndermek\" \/>\n<\/p><input type='hidden' class='wpcf7-pum' value='{\"closepopup\":false,\"closedelay\":0,\"openpopup\":false,\"openpopup_id\":0}' \/><div class=\"wpcf7-response-output\" aria-hidden=\"true\"><\/div>\n<\/form>\n<\/div>\n\n<\/div>\n<\/div><\/div><\/div><\/div><\/div>","protected":false},"excerpt":{"rendered":"<p>: Eftalou &#8211; Molivos, Lesvos : +30 22530 72014 : +30 22530 72075 : alkaios1@otenet.gr Ad\u0131n\u0131z (gerekli) Eposta Adresiniz (gerekli) Konu Mesaj\u0131n<\/p>\n","protected":false},"author":1,"featured_media":0,"parent":0,"menu_order":0,"comment_status":"closed","ping_status":"closed","template":"templates\/full-width-page.php","meta":[],"yoast_head":"<!-- This site is optimized with the Yoast SEO plugin v20.11 - https:\/\/yoast.com\/wordpress\/plugins\/seo\/ -->\n<title>Temas | Viva Mare otel, Eftalou, Molivos, Lesvos, Greece<\/title>\n<meta name=\"description\" content=\"Temas.\" \/>\n<meta name=\"robots\" content=\"index, follow, max-snippet:-1, max-image-preview:large, max-video-preview:-1\" \/>\n<link rel=\"canonical\" href=\"https:\/\/vivamare.gr\/tr\/temas\/\" \/>\n<meta property=\"og:locale\" content=\"tr_TR\" \/>\n<meta property=\"og:type\" content=\"article\" \/>\n<meta property=\"og:title\" content=\"Temas | Viva Mare otel, Eftalou, Molivos, Lesvos, Greece\" \/>\n<meta property=\"og:description\" content=\"Temas.\" \/>\n<meta property=\"og:url\" content=\"https:\/\/vivamare.gr\/tr\/temas\/\" \/>\n<meta property=\"og:site_name\" content=\"Viva Mare\" \/>\n<meta property=\"article:publisher\" content=\"https:\/\/www.facebook.com\/Viva-Mare-Hotel-Spa-333175023385642\/\" \/>\n<meta property=\"article:modified_time\" content=\"2018-12-27T18:44:13+00:00\" \/>\n<meta name=\"twitter:card\" content=\"summary_large_image\" \/>\n<script type=\"application\/ld+json\" class=\"yoast-schema-graph\">{\"@context\":\"https:\/\/schema.org\",\"@graph\":[{\"@type\":\"WebPage\",\"@id\":\"https:\/\/vivamare.gr\/tr\/temas\/\",\"url\":\"https:\/\/vivamare.gr\/tr\/temas\/\",\"name\":\"Temas | Viva Mare otel, Eftalou, Molivos, Lesvos, Greece\",\"isPartOf\":{\"@id\":\"https:\/\/vivamare.gr\/#website\"},\"datePublished\":\"2018-04-23T17:08:47+00:00\",\"dateModified\":\"2018-12-27T18:44:13+00:00\",\"description\":\"Temas.\",\"breadcrumb\":{\"@id\":\"https:\/\/vivamare.gr\/tr\/temas\/#breadcrumb\"},\"inLanguage\":\"tr\",\"potentialAction\":[{\"@type\":\"ReadAction\",\"target\":[\"https:\/\/vivamare.gr\/tr\/temas\/\"]}]},{\"@type\":\"BreadcrumbList\",\"@id\":\"https:\/\/vivamare.gr\/tr\/temas\/#breadcrumb\",\"itemListElement\":[{\"@type\":\"ListItem\",\"position\":1,\"name\":\"Home\",\"item\":\"https:\/\/vivamare.gr\/tr\/\"},{\"@type\":\"ListItem\",\"position\":2,\"name\":\"Temas\"}]},{\"@type\":\"WebSite\",\"@id\":\"https:\/\/vivamare.gr\/#website\",\"url\":\"https:\/\/vivamare.gr\/\",\"name\":\"Viva Mare\",\"description\":\"Hotel\",\"publisher\":{\"@id\":\"https:\/\/vivamare.gr\/#organization\"},\"potentialAction\":[{\"@type\":\"SearchAction\",\"target\":{\"@type\":\"EntryPoint\",\"urlTemplate\":\"https:\/\/vivamare.gr\/?s={search_term_string}\"},\"query-input\":\"required name=search_term_string\"}],\"inLanguage\":\"tr\"},{\"@type\":\"Organization\",\"@id\":\"https:\/\/vivamare.gr\/#organization\",\"name\":\"VIVA MARE HOTEL\",\"url\":\"https:\/\/vivamare.gr\/\",\"logo\":{\"@type\":\"ImageObject\",\"inLanguage\":\"tr\",\"@id\":\"https:\/\/vivamare.gr\/#\/schema\/logo\/image\/\",\"url\":\"https:\/\/vivamare.gr\/wp-content\/uploads\/2018\/04\/vm-logo.jpg\",\"contentUrl\":\"https:\/\/vivamare.gr\/wp-content\/uploads\/2018\/04\/vm-logo.jpg\",\"width\":402,\"height\":88,\"caption\":\"VIVA MARE HOTEL\"},\"image\":{\"@id\":\"https:\/\/vivamare.gr\/#\/schema\/logo\/image\/\"},\"sameAs\":[\"https:\/\/www.facebook.com\/Viva-Mare-Hotel-Spa-333175023385642\/\",\"https:\/\/www.instagram.com\/vivamarehotel\/\"]}]}<\/script>\n<!-- \/ Yoast SEO plugin. -->","yoast_head_json":{"title":"Temas | Viva Mare otel, Eftalou, Molivos, Lesvos, Greece","description":"Temas.","robots":{"index":"index","follow":"follow","max-snippet":"max-snippet:-1","max-image-preview":"max-image-preview:large","max-video-preview":"max-video-preview:-1"},"canonical":"https:\/\/vivamare.gr\/tr\/temas\/","og_locale":"tr_TR","og_type":"article","og_title":"Temas | Viva Mare otel, Eftalou, Molivos, Lesvos, Greece","og_description":"Temas.","og_url":"https:\/\/vivamare.gr\/tr\/temas\/","og_site_name":"Viva Mare","article_publisher":"https:\/\/www.facebook.com\/Viva-Mare-Hotel-Spa-333175023385642\/","article_modified_time":"2018-12-27T18:44:13+00:00","twitter_card":"summary_large_image","schema":{"@context":"https:\/\/schema.org","@graph":[{"@type":"WebPage","@id":"https:\/\/vivamare.gr\/tr\/temas\/","url":"https:\/\/vivamare.gr\/tr\/temas\/","name":"Temas | Viva Mare otel, Eftalou, Molivos, Lesvos, Greece","isPartOf":{"@id":"https:\/\/vivamare.gr\/#website"},"datePublished":"2018-04-23T17:08:47+00:00","dateModified":"2018-12-27T18:44:13+00:00","description":"Temas.","breadcrumb":{"@id":"https:\/\/vivamare.gr\/tr\/temas\/#breadcrumb"},"inLanguage":"tr","potentialAction":[{"@type":"ReadAction","target":["https:\/\/vivamare.gr\/tr\/temas\/"]}]},{"@type":"BreadcrumbList","@id":"https:\/\/vivamare.gr\/tr\/temas\/#breadcrumb","itemListElement":[{"@type":"ListItem","position":1,"name":"Home","item":"https:\/\/vivamare.gr\/tr\/"},{"@type":"ListItem","position":2,"name":"Temas"}]},{"@type":"WebSite","@id":"https:\/\/vivamare.gr\/#website","url":"https:\/\/vivamare.gr\/","name":"Viva Mare","description":"Hotel","publisher":{"@id":"https:\/\/vivamare.gr\/#organization"},"potentialAction":[{"@type":"SearchAction","target":{"@type":"EntryPoint","urlTemplate":"https:\/\/vivamare.gr\/?s={search_term_string}"},"query-input":"required name=search_term_string"}],"inLanguage":"tr"},{"@type":"Organization","@id":"https:\/\/vivamare.gr\/#organization","name":"VIVA MARE HOTEL","url":"https:\/\/vivamare.gr\/","logo":{"@type":"ImageObject","inLanguage":"tr","@id":"https:\/\/vivamare.gr\/#\/schema\/logo\/image\/","url":"https:\/\/vivamare.gr\/wp-content\/uploads\/2018\/04\/vm-logo.jpg","contentUrl":"https:\/\/vivamare.gr\/wp-content\/uploads\/2018\/04\/vm-logo.jpg","width":402,"height":88,"caption":"VIVA MARE HOTEL"},"image":{"@id":"https:\/\/vivamare.gr\/#\/schema\/logo\/image\/"},"sameAs":["https:\/\/www.facebook.com\/Viva-Mare-Hotel-Spa-333175023385642\/","https:\/\/www.instagram.com\/vivamarehotel\/"]}]}},"_links":{"self":[{"href":"https:\/\/vivamare.gr\/tr\/wp-json\/wp\/v2\/pages\/485"}],"collection":[{"href":"https:\/\/vivamare.gr\/tr\/wp-json\/wp\/v2\/pages"}],"about":[{"href":"https:\/\/vivamare.gr\/tr\/wp-json\/wp\/v2\/types\/page"}],"author":[{"embeddable":true,"href":"https:\/\/vivamare.gr\/tr\/wp-json\/wp\/v2\/users\/1"}],"replies":[{"embeddable":true,"href":"https:\/\/vivamare.gr\/tr\/wp-json\/wp\/v2\/comments?post=485"}],"version-history":[{"count":6,"href":"https:\/\/vivamare.gr\/tr\/wp-json\/wp\/v2\/pages\/485\/revisions"}],"predecessor-version":[{"id":941,"href":"https:\/\/vivamare.gr\/tr\/wp-json\/wp\/v2\/pages\/485\/revisions\/941"}],"wp:attachment":[{"href":"https:\/\/vivamare.gr\/tr\/wp-json\/wp\/v2\/media?parent=485"}],"curies":[{"name":"wp","href":"https:\/\/api.w.org\/{rel}","templated":true}]}}