{"id":487,"date":"2018-04-23T17:09:39","date_gmt":"2018-04-23T17:09:39","guid":{"rendered":"http:\/\/vivamare.gr\/?page_id=487"},"modified":"2019-01-09T09:56:23","modified_gmt":"2019-01-09T09:56:23","slug":"rezervasyon","status":"publish","type":"page","link":"https:\/\/vivamare.gr\/tr\/rezervasyon\/","title":{"rendered":"Rezervasyon"},"content":{"rendered":"\n<div class=\"wpcf7 no-js\" id=\"wpcf7-f1023-o1\" lang=\"en\" dir=\"ltr\">\n<div class=\"screen-reader-response\"><p role=\"status\" aria-live=\"polite\" aria-atomic=\"true\"><\/p> <ul><\/ul><\/div>\n<form action=\"\/tr\/wp-json\/wp\/v2\/pages\/487#wpcf7-f1023-o1\" method=\"post\" class=\"wpcf7-form init\" aria-label=\"Contact form\" novalidate=\"novalidate\" data-status=\"init\">\n<div style=\"display: none;\">\n<input type=\"hidden\" name=\"_wpcf7\" value=\"1023\" \/>\n<input type=\"hidden\" name=\"_wpcf7_version\" value=\"5.7.7\" \/>\n<input type=\"hidden\" name=\"_wpcf7_locale\" value=\"en\" \/>\n<input type=\"hidden\" name=\"_wpcf7_unit_tag\" value=\"wpcf7-f1023-o1\" \/>\n<input type=\"hidden\" name=\"_wpcf7_container_post\" value=\"0\" \/>\n<input type=\"hidden\" name=\"_wpcf7_posted_data_hash\" value=\"\" \/>\n<input type=\"hidden\" name=\"_wpcf7_recaptcha_response\" value=\"\" \/>\n<\/div>\n<div class=\"row\">\n\t<div class=\"col-md-6 col-xs-12\">\n\t\t<p><label>Var\u0131\u015f tarihi<br \/>\n<span class=\"wpcf7-form-control-wrap\" data-name=\"date-72\"><input class=\"wpcf7-form-control wpcf7-date wpcf7-validates-as-required wpcf7-validates-as-date\" aria-required=\"true\" aria-invalid=\"false\" value=\"\" type=\"date\" name=\"date-72\" \/><\/span> <\/label>\n\t\t<\/p>\n\t<\/div>\n\t<div class=\"col-md-6 col-xs-12\">\n\t\t<p><label>Ayr\u0131l\u0131\u015f tarihi<br \/>\n<span class=\"wpcf7-form-control-wrap\" data-name=\"date-73\"><input class=\"wpcf7-form-control wpcf7-date wpcf7-validates-as-required wpcf7-validates-as-date\" aria-required=\"true\" aria-invalid=\"false\" value=\"\" type=\"date\" name=\"date-73\" \/><\/span> <\/label>\n\t\t<\/p>\n\t<\/div>\n\t<div class=\"col-md-6 col-xs-12\">\n\t\t<p><label> Ad\u0131n\u0131z (gerekli)<br \/>\n<span class=\"wpcf7-form-control-wrap\" data-name=\"your-name\"><input size=\"40\" class=\"wpcf7-form-control wpcf7-text wpcf7-validates-as-required\" aria-required=\"true\" aria-invalid=\"false\" value=\"\" type=\"text\" name=\"your-name\" \/><\/span> <\/label>\n\t\t<\/p>\n\t<\/div>\n\t<div class=\"col-md-6 col-xs-12\">\n\t\t<p><label> Email (gerekli)<br \/>\n<span class=\"wpcf7-form-control-wrap\" data-name=\"your-email\"><input size=\"40\" class=\"wpcf7-form-control wpcf7-text wpcf7-email wpcf7-validates-as-required wpcf7-validates-as-email\" aria-required=\"true\" aria-invalid=\"false\" value=\"\" type=\"email\" name=\"your-email\" \/><\/span> <\/label>\n\t\t<\/p>\n\t<\/div>\n\t<div class=\"col-md-6 col-xs-12\">\n\t\t<p><label> Telefonunuz<br \/>\n<span class=\"wpcf7-form-control-wrap\" data-name=\"your-phone\"><input class=\"wpcf7-form-control wpcf7-number wpcf7-validates-as-required wpcf7-validates-as-number\" aria-required=\"true\" aria-invalid=\"false\" value=\"\" type=\"number\" name=\"your-phone\" \/><\/span> <\/label>\n\t\t<\/p>\n\t<\/div>\n\t<div style=\"margin-top: 5px;\" class=\"col-md-6 col-xs-12\">\n\t\t<p><label> Yeti\u015fkin Say\u0131s\u0131<br \/>\n<span class=\"wpcf7-form-control-wrap\" data-name=\"adults-number\"><select class=\"wpcf7-form-control wpcf7-select wpcf7-validates-as-required\" aria-required=\"true\" aria-invalid=\"false\" name=\"adults-number\"><option value=\"1\">1<\/option><option value=\"2\">2<\/option><option value=\"3\">3<\/option><option value=\"4\">4<\/option><option value=\"5\">5<\/option><\/select><\/span> <\/label>\n\t\t<\/p>\n\t<\/div>\n\t<div class=\"col-md-6 col-xs-12\">\n\t\t<p><label> \u00c7ocuk Say\u0131s\u0131<br \/>\n<span class=\"wpcf7-form-control-wrap\" data-name=\"children-number\"><select class=\"wpcf7-form-control wpcf7-select wpcf7-validates-as-required\" aria-required=\"true\" aria-invalid=\"false\" name=\"children-number\"><option value=\"0\">0<\/option><option value=\"1\">1<\/option><option value=\"2\">2<\/option><option value=\"3\">3<\/option><option value=\"4\">4<\/option><option value=\"5\">5<\/option><\/select><\/span> <\/label>\n\t\t<\/p>\n\t<\/div>\n\t<div class=\"col-md-6 col-xs-12\">\n\t\t<p><label> Oda Se\u00e7iniz<br \/>\n<span class=\"wpcf7-form-control-wrap\" data-name=\"room-selected\"><select class=\"wpcf7-form-control wpcf7-select wpcf7-validates-as-required\" aria-required=\"true\" aria-invalid=\"false\" name=\"room-selected\"><option value=\"Tek oda\">Tek oda<\/option><option value=\"\u00c7ift ki\u015filik oda\">\u00c7ift ki\u015filik oda<\/option><option value=\"Aile odas\u0131\">Aile odas\u0131<\/option><option value=\"k\u00fc\u00e7\u00fck ev\">k\u00fc\u00e7\u00fck ev<\/option><option value=\"s\u00fcit\">s\u00fcit<\/option><\/select><\/span> <\/label>\n\t\t<\/p>\n\t<\/div>\n\t<div class=\"col-md-12 col-xs-12\">\n\t\t<p><label> Mesaj\u0131n<br \/>\n<span class=\"wpcf7-form-control-wrap\" data-name=\"your-message\"><textarea cols=\"40\" rows=\"10\" class=\"wpcf7-form-control wpcf7-textarea\" aria-invalid=\"false\" name=\"your-message\"><\/textarea><\/span> <\/label>\n\t\t<\/p>\n\t\t<p><input class=\"wpcf7-form-control has-spinner wpcf7-submit\" type=\"submit\" value=\"g\u00f6ndermek\" \/>\n\t\t<\/p>\n\t<\/div>\n<\/div><input type='hidden' class='wpcf7-pum' value='{\"closepopup\":false,\"closedelay\":0,\"openpopup\":false,\"openpopup_id\":0}' \/><div class=\"wpcf7-response-output\" aria-hidden=\"true\"><\/div>\n<\/form>\n<\/div>\n\n","protected":false},"excerpt":{"rendered":"","protected":false},"author":1,"featured_media":0,"parent":0,"menu_order":0,"comment_status":"closed","ping_status":"closed","template":"","meta":[],"yoast_head":"<!-- This site is optimized with the Yoast SEO plugin v20.11 - https:\/\/yoast.com\/wordpress\/plugins\/seo\/ -->\n<title>Rezervasyon - Viva Mare<\/title>\n<meta name=\"robots\" content=\"index, follow, max-snippet:-1, max-image-preview:large, max-video-preview:-1\" \/>\n<link rel=\"canonical\" href=\"https:\/\/vivamare.gr\/tr\/rezervasyon\/\" \/>\n<meta property=\"og:locale\" content=\"tr_TR\" \/>\n<meta property=\"og:type\" content=\"article\" \/>\n<meta property=\"og:title\" content=\"Rezervasyon - Viva Mare\" \/>\n<meta property=\"og:url\" content=\"https:\/\/vivamare.gr\/tr\/rezervasyon\/\" \/>\n<meta property=\"og:site_name\" content=\"Viva Mare\" \/>\n<meta property=\"article:publisher\" content=\"https:\/\/www.facebook.com\/Viva-Mare-Hotel-Spa-333175023385642\/\" \/>\n<meta property=\"article:modified_time\" content=\"2019-01-09T09:56:23+00:00\" \/>\n<meta name=\"twitter:card\" content=\"summary_large_image\" \/>\n<script type=\"application\/ld+json\" class=\"yoast-schema-graph\">{\"@context\":\"https:\/\/schema.org\",\"@graph\":[{\"@type\":\"WebPage\",\"@id\":\"https:\/\/vivamare.gr\/tr\/rezervasyon\/\",\"url\":\"https:\/\/vivamare.gr\/tr\/rezervasyon\/\",\"name\":\"Rezervasyon - Viva Mare\",\"isPartOf\":{\"@id\":\"https:\/\/vivamare.gr\/#website\"},\"datePublished\":\"2018-04-23T17:09:39+00:00\",\"dateModified\":\"2019-01-09T09:56:23+00:00\",\"breadcrumb\":{\"@id\":\"https:\/\/vivamare.gr\/tr\/rezervasyon\/#breadcrumb\"},\"inLanguage\":\"tr\",\"potentialAction\":[{\"@type\":\"ReadAction\",\"target\":[\"https:\/\/vivamare.gr\/tr\/rezervasyon\/\"]}]},{\"@type\":\"BreadcrumbList\",\"@id\":\"https:\/\/vivamare.gr\/tr\/rezervasyon\/#breadcrumb\",\"itemListElement\":[{\"@type\":\"ListItem\",\"position\":1,\"name\":\"Home\",\"item\":\"https:\/\/vivamare.gr\/tr\/\"},{\"@type\":\"ListItem\",\"position\":2,\"name\":\"Rezervasyon\"}]},{\"@type\":\"WebSite\",\"@id\":\"https:\/\/vivamare.gr\/#website\",\"url\":\"https:\/\/vivamare.gr\/\",\"name\":\"Viva Mare\",\"description\":\"Hotel\",\"publisher\":{\"@id\":\"https:\/\/vivamare.gr\/#organization\"},\"potentialAction\":[{\"@type\":\"SearchAction\",\"target\":{\"@type\":\"EntryPoint\",\"urlTemplate\":\"https:\/\/vivamare.gr\/?s={search_term_string}\"},\"query-input\":\"required name=search_term_string\"}],\"inLanguage\":\"tr\"},{\"@type\":\"Organization\",\"@id\":\"https:\/\/vivamare.gr\/#organization\",\"name\":\"VIVA MARE HOTEL\",\"url\":\"https:\/\/vivamare.gr\/\",\"logo\":{\"@type\":\"ImageObject\",\"inLanguage\":\"tr\",\"@id\":\"https:\/\/vivamare.gr\/#\/schema\/logo\/image\/\",\"url\":\"https:\/\/vivamare.gr\/wp-content\/uploads\/2018\/04\/vm-logo.jpg\",\"contentUrl\":\"https:\/\/vivamare.gr\/wp-content\/uploads\/2018\/04\/vm-logo.jpg\",\"width\":402,\"height\":88,\"caption\":\"VIVA MARE HOTEL\"},\"image\":{\"@id\":\"https:\/\/vivamare.gr\/#\/schema\/logo\/image\/\"},\"sameAs\":[\"https:\/\/www.facebook.com\/Viva-Mare-Hotel-Spa-333175023385642\/\",\"https:\/\/www.instagram.com\/vivamarehotel\/\"]}]}<\/script>\n<!-- \/ Yoast SEO plugin. -->","yoast_head_json":{"title":"Rezervasyon - Viva Mare","robots":{"index":"index","follow":"follow","max-snippet":"max-snippet:-1","max-image-preview":"max-image-preview:large","max-video-preview":"max-video-preview:-1"},"canonical":"https:\/\/vivamare.gr\/tr\/rezervasyon\/","og_locale":"tr_TR","og_type":"article","og_title":"Rezervasyon - Viva Mare","og_url":"https:\/\/vivamare.gr\/tr\/rezervasyon\/","og_site_name":"Viva Mare","article_publisher":"https:\/\/www.facebook.com\/Viva-Mare-Hotel-Spa-333175023385642\/","article_modified_time":"2019-01-09T09:56:23+00:00","twitter_card":"summary_large_image","schema":{"@context":"https:\/\/schema.org","@graph":[{"@type":"WebPage","@id":"https:\/\/vivamare.gr\/tr\/rezervasyon\/","url":"https:\/\/vivamare.gr\/tr\/rezervasyon\/","name":"Rezervasyon - Viva Mare","isPartOf":{"@id":"https:\/\/vivamare.gr\/#website"},"datePublished":"2018-04-23T17:09:39+00:00","dateModified":"2019-01-09T09:56:23+00:00","breadcrumb":{"@id":"https:\/\/vivamare.gr\/tr\/rezervasyon\/#breadcrumb"},"inLanguage":"tr","potentialAction":[{"@type":"ReadAction","target":["https:\/\/vivamare.gr\/tr\/rezervasyon\/"]}]},{"@type":"BreadcrumbList","@id":"https:\/\/vivamare.gr\/tr\/rezervasyon\/#breadcrumb","itemListElement":[{"@type":"ListItem","position":1,"name":"Home","item":"https:\/\/vivamare.gr\/tr\/"},{"@type":"ListItem","position":2,"name":"Rezervasyon"}]},{"@type":"WebSite","@id":"https:\/\/vivamare.gr\/#website","url":"https:\/\/vivamare.gr\/","name":"Viva Mare","description":"Hotel","publisher":{"@id":"https:\/\/vivamare.gr\/#organization"},"potentialAction":[{"@type":"SearchAction","target":{"@type":"EntryPoint","urlTemplate":"https:\/\/vivamare.gr\/?s={search_term_string}"},"query-input":"required name=search_term_string"}],"inLanguage":"tr"},{"@type":"Organization","@id":"https:\/\/vivamare.gr\/#organization","name":"VIVA MARE HOTEL","url":"https:\/\/vivamare.gr\/","logo":{"@type":"ImageObject","inLanguage":"tr","@id":"https:\/\/vivamare.gr\/#\/schema\/logo\/image\/","url":"https:\/\/vivamare.gr\/wp-content\/uploads\/2018\/04\/vm-logo.jpg","contentUrl":"https:\/\/vivamare.gr\/wp-content\/uploads\/2018\/04\/vm-logo.jpg","width":402,"height":88,"caption":"VIVA MARE HOTEL"},"image":{"@id":"https:\/\/vivamare.gr\/#\/schema\/logo\/image\/"},"sameAs":["https:\/\/www.facebook.com\/Viva-Mare-Hotel-Spa-333175023385642\/","https:\/\/www.instagram.com\/vivamarehotel\/"]}]}},"_links":{"self":[{"href":"https:\/\/vivamare.gr\/tr\/wp-json\/wp\/v2\/pages\/487"}],"collection":[{"href":"https:\/\/vivamare.gr\/tr\/wp-json\/wp\/v2\/pages"}],"about":[{"href":"https:\/\/vivamare.gr\/tr\/wp-json\/wp\/v2\/types\/page"}],"author":[{"embeddable":true,"href":"https:\/\/vivamare.gr\/tr\/wp-json\/wp\/v2\/users\/1"}],"replies":[{"embeddable":true,"href":"https:\/\/vivamare.gr\/tr\/wp-json\/wp\/v2\/comments?post=487"}],"version-history":[{"count":3,"href":"https:\/\/vivamare.gr\/tr\/wp-json\/wp\/v2\/pages\/487\/revisions"}],"predecessor-version":[{"id":1024,"href":"https:\/\/vivamare.gr\/tr\/wp-json\/wp\/v2\/pages\/487\/revisions\/1024"}],"wp:attachment":[{"href":"https:\/\/vivamare.gr\/tr\/wp-json\/wp\/v2\/media?parent=487"}],"curies":[{"name":"wp","href":"https:\/\/api.w.org\/{rel}","templated":true}]}}