{"id":489,"date":"2018-04-23T17:10:17","date_gmt":"2018-04-23T17:10:17","guid":{"rendered":"http:\/\/vivamare.gr\/?page_id=489"},"modified":"2018-12-27T18:12:14","modified_gmt":"2018-12-27T18:12:14","slug":"lesbos","status":"publish","type":"page","link":"https:\/\/vivamare.gr\/tr\/lesbos\/","title":{"rendered":"Lesbos"},"content":{"rendered":"<p style=\"text-align: justify;\"><a href=\"http:\/\/vivamare.gr\/wp-content\/uploads\/2018\/05\/lesvos-1.jpg\" data-lightbox=\"gal[489]\"><img decoding=\"async\" loading=\"lazy\" class=\"size-medium wp-image-567 alignleft\" src=\"http:\/\/vivamare.gr\/wp-content\/uploads\/2018\/05\/lesvos-1-300x200.jpg\" alt=\"\" width=\"300\" height=\"200\" srcset=\"https:\/\/vivamare.gr\/wp-content\/uploads\/2018\/05\/lesvos-1-300x200.jpg 300w, https:\/\/vivamare.gr\/wp-content\/uploads\/2018\/05\/lesvos-1-768x512.jpg 768w, https:\/\/vivamare.gr\/wp-content\/uploads\/2018\/05\/lesvos-1-750x500.jpg 750w, https:\/\/vivamare.gr\/wp-content\/uploads\/2018\/05\/lesvos-1-555x370.jpg 555w, https:\/\/vivamare.gr\/wp-content\/uploads\/2018\/05\/lesvos-1-272x182.jpg 272w, https:\/\/vivamare.gr\/wp-content\/uploads\/2018\/05\/lesvos-1.jpg 800w\" sizes=\"(max-width: 300px) 100vw, 300px\" \/><\/a>Lesvos kuzeydo\u011fu Ege\u2019nin \u00fc\u00e7\u00fcnc\u00fc b\u00fcy\u00fck adas\u0131 ve en ho\u015f olan\u0131d\u0131r. Sapfo ve Alkaios gibi \u00fcnl\u00fc \u015fairlerin adas\u0131d\u0131r. \u0130lk tebas\u0131 kral Makara\u2019dan\u00a0 g\u00fcn\u00fcm\u00fczdeki en son, yaz veya k\u0131\u015f, ziyaret\u00e7isine kadar\u00a0 ortak kan\u0131 \u015fu ki Lesvos\u2019un Yunanistan\u2019\u0131n di\u011fer turistik u\u011frak yerlerinden k\u0131skanaca\u011f\u0131 bir \u015feyi yoktur. \u00c7\u00fcnk\u00fc bizim her\u015feyimiz vard\u0131r.<\/p>\n<p style=\"text-align: justify;\">G\u00f6z alabildi\u011fine kadar uzanan zeytin a\u011fa\u00e7lar\u0131ndan veya \u00e7am a\u011fac\u0131 ormanlar\u0131ndan her y\u0131l aday\u0131 ziyaret eden flamingolara ve \u00e7ok nadide g\u00f6\u00e7men ku\u015flara kadar, Eressos\u2019un \u00e7orak da\u011f yama\u00e7lar\u0131ndan Sigri\u2019nin binlerce y\u0131ll\u0131k ta\u015fla\u015fm\u0131\u015f orman\u0131na kadar, Midilli ve Molivos\u2019un y\u00fcksek kalelerinden Mandamados\u2019 un manast\u0131r\u0131 ve kilisesine kadar, Lesvos\u2019un her \u015feyi vard\u0131r .<\/p>\n<p style=\"text-align: justify;\"><a href=\"http:\/\/vivamare.gr\/wp-content\/uploads\/2018\/05\/lesvos-2.jpg\" data-lightbox=\"gal[489]\"><img decoding=\"async\" loading=\"lazy\" class=\"size-medium wp-image-568 alignright\" src=\"http:\/\/vivamare.gr\/wp-content\/uploads\/2018\/05\/lesvos-2-300x200.jpg\" alt=\"\" width=\"300\" height=\"200\" srcset=\"https:\/\/vivamare.gr\/wp-content\/uploads\/2018\/05\/lesvos-2-300x200.jpg 300w, https:\/\/vivamare.gr\/wp-content\/uploads\/2018\/05\/lesvos-2-768x512.jpg 768w, https:\/\/vivamare.gr\/wp-content\/uploads\/2018\/05\/lesvos-2-750x500.jpg 750w, https:\/\/vivamare.gr\/wp-content\/uploads\/2018\/05\/lesvos-2-555x370.jpg 555w, https:\/\/vivamare.gr\/wp-content\/uploads\/2018\/05\/lesvos-2-272x182.jpg 272w, https:\/\/vivamare.gr\/wp-content\/uploads\/2018\/05\/lesvos-2.jpg 800w\" sizes=\"(max-width: 300px) 100vw, 300px\" \/><\/a>Sakin denizlerden k\u0131y\u0131lar\u0131 a\u015f\u0131nd\u0131ran sert dalgalara kadar ,adan\u0131n \u00f6zel auras\u0131 sizleri saracak ve aday\u0131 ya seveceksiniz ya da nefret edeceksiniz. Lesvos \u00f6yledir, ortas\u0131 yoktur.\u00a0Lesvos\u2019u severseniz o da sizi sevecektir ve\u00a0 ayr\u0131l\u0131rken beraberinizde yaln\u0131z klasik tatil foto\u011fraflar\u0131n\u0131z\u0131 de\u011fil, serin denizlerini, s\u0131cak su kapl\u0131calar\u0131n\u0131, misafirperver halk\u0131n\u0131, ta\u015f kapl\u0131 sonsuz dar sokaklar\u0131n\u0131, deniz k\u0131y\u0131s\u0131ndaki k\u00fc\u00e7\u00fck tavernalar\u0131n\u0131 ve ayaklar\u0131n\u0131z alt\u0131ndaki s\u0131cak \u00e7ak\u0131llar gibi\u00a0 tatl\u0131 an\u0131lar\u0131n\u0131z\u0131 da bir \u00f6m\u00fcrboyu olarak i\u00e7inizde ta\u015f\u0131yacaks\u0131n\u0131z.<\/p>\n<p>&nbsp;<\/p>\n","protected":false},"excerpt":{"rendered":"<p>Lesvos kuzeydo\u011fu Ege\u2019nin \u00fc\u00e7\u00fcnc\u00fc b\u00fcy\u00fck adas\u0131 ve en ho\u015f olan\u0131d\u0131r. Sapfo ve Alkaios gibi \u00fcnl\u00fc \u015fairlerin adas\u0131d\u0131r. \u0130lk tebas\u0131 kral Makara\u2019dan\u00a0 g\u00fcn\u00fcm\u00fczdeki en son, yaz veya k\u0131\u015f, ziyaret\u00e7isine kadar\u00a0 ortak kan\u0131 \u015fu ki Lesvos\u2019un Yunanistan\u2019\u0131n di\u011fer turistik u\u011frak yerlerinden k\u0131skanaca\u011f\u0131 bir \u015feyi yoktur. \u00c7\u00fcnk\u00fc bizim her\u015feyimiz vard\u0131r. G\u00f6z alabildi\u011fine kadar uzanan zeytin a\u011fa\u00e7lar\u0131ndan veya \u00e7am [&hellip;]<\/p>\n","protected":false},"author":1,"featured_media":0,"parent":0,"menu_order":0,"comment_status":"closed","ping_status":"closed","template":"","meta":[],"yoast_head":"<!-- This site is optimized with the Yoast SEO plugin v20.11 - https:\/\/yoast.com\/wordpress\/plugins\/seo\/ -->\n<title>Lesbos Bilgi | Viva Mare otel Eftalou - Molivos, Greece<\/title>\n<meta name=\"description\" content=\"Lesbos kuzeydo\u011fu Ege\u2019nin \u00fc\u00e7\u00fcnc\u00fc b\u00fcy\u00fck adas\u0131 ve en ho\u015f olan\u0131d\u0131r. Sapfo ve Alkaios gibi \u00fcnl\u00fc \u015fairlerin adas\u0131d\u0131r.\" \/>\n<meta name=\"robots\" content=\"index, follow, max-snippet:-1, max-image-preview:large, max-video-preview:-1\" \/>\n<link rel=\"canonical\" href=\"https:\/\/vivamare.gr\/tr\/lesbos\/\" \/>\n<meta property=\"og:locale\" content=\"tr_TR\" \/>\n<meta property=\"og:type\" content=\"article\" \/>\n<meta property=\"og:title\" content=\"Lesbos Bilgi | Viva Mare otel Eftalou - Molivos, Greece\" \/>\n<meta property=\"og:description\" content=\"Lesbos kuzeydo\u011fu Ege\u2019nin \u00fc\u00e7\u00fcnc\u00fc b\u00fcy\u00fck adas\u0131 ve en ho\u015f olan\u0131d\u0131r. Sapfo ve Alkaios gibi \u00fcnl\u00fc \u015fairlerin adas\u0131d\u0131r.\" \/>\n<meta property=\"og:url\" content=\"https:\/\/vivamare.gr\/tr\/lesbos\/\" \/>\n<meta property=\"og:site_name\" content=\"Viva Mare\" \/>\n<meta property=\"article:publisher\" content=\"https:\/\/www.facebook.com\/Viva-Mare-Hotel-Spa-333175023385642\/\" \/>\n<meta property=\"article:modified_time\" content=\"2018-12-27T18:12:14+00:00\" \/>\n<meta property=\"og:image\" content=\"http:\/\/vivamare.gr\/wp-content\/uploads\/2018\/05\/lesvos-1-300x200.jpg\" \/>\n<meta name=\"twitter:card\" content=\"summary_large_image\" \/>\n<meta name=\"twitter:label1\" content=\"Tahmini okuma s\u00fcresi\" \/>\n\t<meta name=\"twitter:data1\" content=\"1 dakika\" \/>\n<script type=\"application\/ld+json\" class=\"yoast-schema-graph\">{\"@context\":\"https:\/\/schema.org\",\"@graph\":[{\"@type\":\"WebPage\",\"@id\":\"https:\/\/vivamare.gr\/tr\/lesbos\/\",\"url\":\"https:\/\/vivamare.gr\/tr\/lesbos\/\",\"name\":\"Lesbos Bilgi | Viva Mare otel Eftalou - Molivos, Greece\",\"isPartOf\":{\"@id\":\"https:\/\/vivamare.gr\/#website\"},\"datePublished\":\"2018-04-23T17:10:17+00:00\",\"dateModified\":\"2018-12-27T18:12:14+00:00\",\"description\":\"Lesbos kuzeydo\u011fu Ege\u2019nin \u00fc\u00e7\u00fcnc\u00fc b\u00fcy\u00fck adas\u0131 ve en ho\u015f olan\u0131d\u0131r. Sapfo ve Alkaios gibi \u00fcnl\u00fc \u015fairlerin adas\u0131d\u0131r.\",\"breadcrumb\":{\"@id\":\"https:\/\/vivamare.gr\/tr\/lesbos\/#breadcrumb\"},\"inLanguage\":\"tr\",\"potentialAction\":[{\"@type\":\"ReadAction\",\"target\":[\"https:\/\/vivamare.gr\/tr\/lesbos\/\"]}]},{\"@type\":\"BreadcrumbList\",\"@id\":\"https:\/\/vivamare.gr\/tr\/lesbos\/#breadcrumb\",\"itemListElement\":[{\"@type\":\"ListItem\",\"position\":1,\"name\":\"Home\",\"item\":\"https:\/\/vivamare.gr\/tr\/\"},{\"@type\":\"ListItem\",\"position\":2,\"name\":\"Lesbos\"}]},{\"@type\":\"WebSite\",\"@id\":\"https:\/\/vivamare.gr\/#website\",\"url\":\"https:\/\/vivamare.gr\/\",\"name\":\"Viva Mare\",\"description\":\"Hotel\",\"publisher\":{\"@id\":\"https:\/\/vivamare.gr\/#organization\"},\"potentialAction\":[{\"@type\":\"SearchAction\",\"target\":{\"@type\":\"EntryPoint\",\"urlTemplate\":\"https:\/\/vivamare.gr\/?s={search_term_string}\"},\"query-input\":\"required name=search_term_string\"}],\"inLanguage\":\"tr\"},{\"@type\":\"Organization\",\"@id\":\"https:\/\/vivamare.gr\/#organization\",\"name\":\"VIVA MARE HOTEL\",\"url\":\"https:\/\/vivamare.gr\/\",\"logo\":{\"@type\":\"ImageObject\",\"inLanguage\":\"tr\",\"@id\":\"https:\/\/vivamare.gr\/#\/schema\/logo\/image\/\",\"url\":\"https:\/\/vivamare.gr\/wp-content\/uploads\/2018\/04\/vm-logo.jpg\",\"contentUrl\":\"https:\/\/vivamare.gr\/wp-content\/uploads\/2018\/04\/vm-logo.jpg\",\"width\":402,\"height\":88,\"caption\":\"VIVA MARE HOTEL\"},\"image\":{\"@id\":\"https:\/\/vivamare.gr\/#\/schema\/logo\/image\/\"},\"sameAs\":[\"https:\/\/www.facebook.com\/Viva-Mare-Hotel-Spa-333175023385642\/\",\"https:\/\/www.instagram.com\/vivamarehotel\/\"]}]}<\/script>\n<!-- \/ Yoast SEO plugin. -->","yoast_head_json":{"title":"Lesbos Bilgi | Viva Mare otel Eftalou - Molivos, Greece","description":"Lesbos kuzeydo\u011fu Ege\u2019nin \u00fc\u00e7\u00fcnc\u00fc b\u00fcy\u00fck adas\u0131 ve en ho\u015f olan\u0131d\u0131r. Sapfo ve Alkaios gibi \u00fcnl\u00fc \u015fairlerin adas\u0131d\u0131r.","robots":{"index":"index","follow":"follow","max-snippet":"max-snippet:-1","max-image-preview":"max-image-preview:large","max-video-preview":"max-video-preview:-1"},"canonical":"https:\/\/vivamare.gr\/tr\/lesbos\/","og_locale":"tr_TR","og_type":"article","og_title":"Lesbos Bilgi | Viva Mare otel Eftalou - Molivos, Greece","og_description":"Lesbos kuzeydo\u011fu Ege\u2019nin \u00fc\u00e7\u00fcnc\u00fc b\u00fcy\u00fck adas\u0131 ve en ho\u015f olan\u0131d\u0131r. Sapfo ve Alkaios gibi \u00fcnl\u00fc \u015fairlerin adas\u0131d\u0131r.","og_url":"https:\/\/vivamare.gr\/tr\/lesbos\/","og_site_name":"Viva Mare","article_publisher":"https:\/\/www.facebook.com\/Viva-Mare-Hotel-Spa-333175023385642\/","article_modified_time":"2018-12-27T18:12:14+00:00","og_image":[{"url":"http:\/\/vivamare.gr\/wp-content\/uploads\/2018\/05\/lesvos-1-300x200.jpg"}],"twitter_card":"summary_large_image","twitter_misc":{"Tahmini okuma s\u00fcresi":"1 dakika"},"schema":{"@context":"https:\/\/schema.org","@graph":[{"@type":"WebPage","@id":"https:\/\/vivamare.gr\/tr\/lesbos\/","url":"https:\/\/vivamare.gr\/tr\/lesbos\/","name":"Lesbos Bilgi | Viva Mare otel Eftalou - Molivos, Greece","isPartOf":{"@id":"https:\/\/vivamare.gr\/#website"},"datePublished":"2018-04-23T17:10:17+00:00","dateModified":"2018-12-27T18:12:14+00:00","description":"Lesbos kuzeydo\u011fu Ege\u2019nin \u00fc\u00e7\u00fcnc\u00fc b\u00fcy\u00fck adas\u0131 ve en ho\u015f olan\u0131d\u0131r. Sapfo ve Alkaios gibi \u00fcnl\u00fc \u015fairlerin adas\u0131d\u0131r.","breadcrumb":{"@id":"https:\/\/vivamare.gr\/tr\/lesbos\/#breadcrumb"},"inLanguage":"tr","potentialAction":[{"@type":"ReadAction","target":["https:\/\/vivamare.gr\/tr\/lesbos\/"]}]},{"@type":"BreadcrumbList","@id":"https:\/\/vivamare.gr\/tr\/lesbos\/#breadcrumb","itemListElement":[{"@type":"ListItem","position":1,"name":"Home","item":"https:\/\/vivamare.gr\/tr\/"},{"@type":"ListItem","position":2,"name":"Lesbos"}]},{"@type":"WebSite","@id":"https:\/\/vivamare.gr\/#website","url":"https:\/\/vivamare.gr\/","name":"Viva Mare","description":"Hotel","publisher":{"@id":"https:\/\/vivamare.gr\/#organization"},"potentialAction":[{"@type":"SearchAction","target":{"@type":"EntryPoint","urlTemplate":"https:\/\/vivamare.gr\/?s={search_term_string}"},"query-input":"required name=search_term_string"}],"inLanguage":"tr"},{"@type":"Organization","@id":"https:\/\/vivamare.gr\/#organization","name":"VIVA MARE HOTEL","url":"https:\/\/vivamare.gr\/","logo":{"@type":"ImageObject","inLanguage":"tr","@id":"https:\/\/vivamare.gr\/#\/schema\/logo\/image\/","url":"https:\/\/vivamare.gr\/wp-content\/uploads\/2018\/04\/vm-logo.jpg","contentUrl":"https:\/\/vivamare.gr\/wp-content\/uploads\/2018\/04\/vm-logo.jpg","width":402,"height":88,"caption":"VIVA MARE HOTEL"},"image":{"@id":"https:\/\/vivamare.gr\/#\/schema\/logo\/image\/"},"sameAs":["https:\/\/www.facebook.com\/Viva-Mare-Hotel-Spa-333175023385642\/","https:\/\/www.instagram.com\/vivamarehotel\/"]}]}},"_links":{"self":[{"href":"https:\/\/vivamare.gr\/tr\/wp-json\/wp\/v2\/pages\/489"}],"collection":[{"href":"https:\/\/vivamare.gr\/tr\/wp-json\/wp\/v2\/pages"}],"about":[{"href":"https:\/\/vivamare.gr\/tr\/wp-json\/wp\/v2\/types\/page"}],"author":[{"embeddable":true,"href":"https:\/\/vivamare.gr\/tr\/wp-json\/wp\/v2\/users\/1"}],"replies":[{"embeddable":true,"href":"https:\/\/vivamare.gr\/tr\/wp-json\/wp\/v2\/comments?post=489"}],"version-history":[{"count":8,"href":"https:\/\/vivamare.gr\/tr\/wp-json\/wp\/v2\/pages\/489\/revisions"}],"predecessor-version":[{"id":923,"href":"https:\/\/vivamare.gr\/tr\/wp-json\/wp\/v2\/pages\/489\/revisions\/923"}],"wp:attachment":[{"href":"https:\/\/vivamare.gr\/tr\/wp-json\/wp\/v2\/media?parent=489"}],"curies":[{"name":"wp","href":"https:\/\/api.w.org\/{rel}","templated":true}]}}