{"id":604,"date":"2018-05-02T22:12:33","date_gmt":"2018-05-02T22:12:33","guid":{"rendered":"http:\/\/vivamare.gr\/?page_id=604"},"modified":"2018-12-27T18:13:27","modified_gmt":"2018-12-27T18:13:27","slug":"molivos","status":"publish","type":"page","link":"https:\/\/vivamare.gr\/tr\/molivos\/","title":{"rendered":"Molivos"},"content":{"rendered":"<p style=\"text-align: justify;\"><a href=\"http:\/\/vivamare.gr\/wp-content\/uploads\/2018\/05\/hotels-molivos.jpg\" data-lightbox=\"gal[604]\"><img decoding=\"async\" loading=\"lazy\" class=\"alignnone size-full wp-image-594\" src=\"http:\/\/vivamare.gr\/wp-content\/uploads\/2018\/05\/hotels-molivos.jpg\" alt=\"\" width=\"1920\" height=\"1280\" srcset=\"https:\/\/vivamare.gr\/wp-content\/uploads\/2018\/05\/hotels-molivos.jpg 1920w, https:\/\/vivamare.gr\/wp-content\/uploads\/2018\/05\/hotels-molivos-300x200.jpg 300w, https:\/\/vivamare.gr\/wp-content\/uploads\/2018\/05\/hotels-molivos-768x512.jpg 768w, https:\/\/vivamare.gr\/wp-content\/uploads\/2018\/05\/hotels-molivos-1024x683.jpg 1024w, https:\/\/vivamare.gr\/wp-content\/uploads\/2018\/05\/hotels-molivos-750x500.jpg 750w, https:\/\/vivamare.gr\/wp-content\/uploads\/2018\/05\/hotels-molivos-555x370.jpg 555w, https:\/\/vivamare.gr\/wp-content\/uploads\/2018\/05\/hotels-molivos-272x182.jpg 272w\" sizes=\"(max-width: 1920px) 100vw, 1920px\" \/><\/a><\/p>\n<p style=\"text-align: justify;\">Molivos i\u00e7in \u015fairler \u015fark\u0131lar yazd\u0131, ressamlar onun i\u00e7in say\u0131s\u0131z resimler yapt\u0131, yazarlar ise hep onu anlatt\u0131, ve bug\u00fcne kadar binlerce ziyaret\u00e7isi onu sabahlara kadar ya\u015fad\u0131. Neticede, Molivos hakk\u0131nda o kadar \u00e7ok \u015fey yaz\u0131ld\u0131 ki art\u0131k yeni bir \u015fey eklemenin imkan\u0131 kalmad\u0131.<\/p>\n<p style=\"text-align: justify;\">Hi\u00e7 \u015f\u00fcphesiz adan\u0131n en g\u00fczel u\u011frak yeri. Molivos ya da antik ad\u0131 ile Mithymna, kral Makara\u2019n\u0131n k\u0131z\u0131 gibi ta\u015f ve ah\u015faptan in\u015fa edilmi\u015ftir. Molivos 1355 \u2018te Gateluzlar\u0131n kral\u0131 1nci Francesco\u2019ya d\u00fc\u011f\u00fcn \u00e7eyizi olarak sunulur ve bu devirden sonra art\u0131k bu ikinci ismi ile an\u0131lmaya ba\u015flan\u0131r. Bu yeni isim belki de frans\u0131zcadan (mont d\u2019olives = zeytinlikler da\u011f\u0131) ya da b\u00f6lgede bulunan\u00a0 zengin\u00a0 kur\u015fun (molivdos = kur\u015fun) yataklar\u0131ndan kaynaklanmaktad\u0131r.<\/p>\n<p style=\"text-align: justify;\"><a href=\"http:\/\/vivamare.gr\/wp-content\/uploads\/2018\/05\/molivos.jpg\" data-lightbox=\"gal[604]\"><img decoding=\"async\" loading=\"lazy\" class=\"size-medium wp-image-595 alignright\" src=\"http:\/\/vivamare.gr\/wp-content\/uploads\/2018\/05\/molivos-300x151.jpg\" alt=\"\" width=\"300\" height=\"151\" srcset=\"https:\/\/vivamare.gr\/wp-content\/uploads\/2018\/05\/molivos-300x151.jpg 300w, https:\/\/vivamare.gr\/wp-content\/uploads\/2018\/05\/molivos-768x388.jpg 768w, https:\/\/vivamare.gr\/wp-content\/uploads\/2018\/05\/molivos-1024x517.jpg 1024w, https:\/\/vivamare.gr\/wp-content\/uploads\/2018\/05\/molivos-750x379.jpg 750w, https:\/\/vivamare.gr\/wp-content\/uploads\/2018\/05\/molivos-555x280.jpg 555w, https:\/\/vivamare.gr\/wp-content\/uploads\/2018\/05\/molivos.jpg 1919w\" sizes=\"(max-width: 300px) 100vw, 300px\" \/><\/a>Fakat ismi ne olursa olsun\u00a0 hep ayn\u0131 olan taraf\u0131 g\u00fczelli\u011fidir. Sabahlar\u0131 p\u00fcf\u00fcr p\u00fcf\u00fcr yasemin ve han\u0131meli kokan ta\u015f kapl\u0131 sokaklar\u0131nda y\u00fcr\u00fcmek, Eftalu\u2019nun g\u00fcm\u00fc\u015f renkli sahilinde y\u00fczmek, \u00f6\u011flenleri limandaki tavernalarda keyifli anlar ya\u015famak, Osmanl\u0131 d\u00f6neminden kalma hamamlar\u0131nda y\u0131kanmak, Petra\u2019dan g\u00fcn bat\u0131m\u0131n\u0131 seyretmek ve sonra sabahlara kadar s\u00fcren Yunan gecelerini ya\u015famak\u2026<\/p>\n","protected":false},"excerpt":{"rendered":"<p>Molivos i\u00e7in \u015fairler \u015fark\u0131lar yazd\u0131, ressamlar onun i\u00e7in say\u0131s\u0131z resimler yapt\u0131, yazarlar ise hep onu anlatt\u0131, ve bug\u00fcne kadar binlerce ziyaret\u00e7isi onu sabahlara kadar ya\u015fad\u0131. Neticede, Molivos hakk\u0131nda o kadar \u00e7ok \u015fey yaz\u0131ld\u0131 ki art\u0131k yeni bir \u015fey eklemenin imkan\u0131 kalmad\u0131. Hi\u00e7 \u015f\u00fcphesiz adan\u0131n en g\u00fczel u\u011frak yeri. Molivos ya da antik ad\u0131 ile Mithymna, [&hellip;]<\/p>\n","protected":false},"author":1,"featured_media":0,"parent":0,"menu_order":0,"comment_status":"closed","ping_status":"closed","template":"","meta":[],"yoast_head":"<!-- This site is optimized with the Yoast SEO plugin v20.11 - https:\/\/yoast.com\/wordpress\/plugins\/seo\/ -->\n<title>Molivos Bilgi | Viva Mare otel, Eftalou, Lesvos, Greece<\/title>\n<meta name=\"description\" content=\"Molivos i\u00e7in \u015fairler \u015fark\u0131lar yazd\u0131, ressamlar onun i\u00e7in say\u0131s\u0131z resimler yapt\u0131, yazarlar ise hep onu anlatt\u0131, ve bug\u00fcne kadar binlerce ziyaret\u00e7isi onu.\" \/>\n<meta name=\"robots\" content=\"index, follow, max-snippet:-1, max-image-preview:large, max-video-preview:-1\" \/>\n<link rel=\"canonical\" href=\"https:\/\/vivamare.gr\/tr\/molivos\/\" \/>\n<meta property=\"og:locale\" content=\"tr_TR\" \/>\n<meta property=\"og:type\" content=\"article\" \/>\n<meta property=\"og:title\" content=\"Molivos Bilgi | Viva Mare otel, Eftalou, Lesvos, Greece\" \/>\n<meta property=\"og:description\" content=\"Molivos i\u00e7in \u015fairler \u015fark\u0131lar yazd\u0131, ressamlar onun i\u00e7in say\u0131s\u0131z resimler yapt\u0131, yazarlar ise hep onu anlatt\u0131, ve bug\u00fcne kadar binlerce ziyaret\u00e7isi onu.\" \/>\n<meta property=\"og:url\" content=\"https:\/\/vivamare.gr\/tr\/molivos\/\" \/>\n<meta property=\"og:site_name\" content=\"Viva Mare\" \/>\n<meta property=\"article:publisher\" content=\"https:\/\/www.facebook.com\/Viva-Mare-Hotel-Spa-333175023385642\/\" \/>\n<meta property=\"article:modified_time\" content=\"2018-12-27T18:13:27+00:00\" \/>\n<meta property=\"og:image\" content=\"http:\/\/vivamare.gr\/wp-content\/uploads\/2018\/05\/hotels-molivos.jpg\" \/>\n<meta name=\"twitter:card\" content=\"summary_large_image\" \/>\n<meta name=\"twitter:label1\" content=\"Tahmini okuma s\u00fcresi\" \/>\n\t<meta name=\"twitter:data1\" content=\"1 dakika\" \/>\n<script type=\"application\/ld+json\" class=\"yoast-schema-graph\">{\"@context\":\"https:\/\/schema.org\",\"@graph\":[{\"@type\":\"WebPage\",\"@id\":\"https:\/\/vivamare.gr\/tr\/molivos\/\",\"url\":\"https:\/\/vivamare.gr\/tr\/molivos\/\",\"name\":\"Molivos Bilgi | Viva Mare otel, Eftalou, Lesvos, Greece\",\"isPartOf\":{\"@id\":\"https:\/\/vivamare.gr\/#website\"},\"datePublished\":\"2018-05-02T22:12:33+00:00\",\"dateModified\":\"2018-12-27T18:13:27+00:00\",\"description\":\"Molivos i\u00e7in \u015fairler \u015fark\u0131lar yazd\u0131, ressamlar onun i\u00e7in say\u0131s\u0131z resimler yapt\u0131, yazarlar ise hep onu anlatt\u0131, ve bug\u00fcne kadar binlerce ziyaret\u00e7isi onu.\",\"breadcrumb\":{\"@id\":\"https:\/\/vivamare.gr\/tr\/molivos\/#breadcrumb\"},\"inLanguage\":\"tr\",\"potentialAction\":[{\"@type\":\"ReadAction\",\"target\":[\"https:\/\/vivamare.gr\/tr\/molivos\/\"]}]},{\"@type\":\"BreadcrumbList\",\"@id\":\"https:\/\/vivamare.gr\/tr\/molivos\/#breadcrumb\",\"itemListElement\":[{\"@type\":\"ListItem\",\"position\":1,\"name\":\"Home\",\"item\":\"https:\/\/vivamare.gr\/tr\/\"},{\"@type\":\"ListItem\",\"position\":2,\"name\":\"Molivos\"}]},{\"@type\":\"WebSite\",\"@id\":\"https:\/\/vivamare.gr\/#website\",\"url\":\"https:\/\/vivamare.gr\/\",\"name\":\"Viva Mare\",\"description\":\"Hotel\",\"publisher\":{\"@id\":\"https:\/\/vivamare.gr\/#organization\"},\"potentialAction\":[{\"@type\":\"SearchAction\",\"target\":{\"@type\":\"EntryPoint\",\"urlTemplate\":\"https:\/\/vivamare.gr\/?s={search_term_string}\"},\"query-input\":\"required name=search_term_string\"}],\"inLanguage\":\"tr\"},{\"@type\":\"Organization\",\"@id\":\"https:\/\/vivamare.gr\/#organization\",\"name\":\"VIVA MARE HOTEL\",\"url\":\"https:\/\/vivamare.gr\/\",\"logo\":{\"@type\":\"ImageObject\",\"inLanguage\":\"tr\",\"@id\":\"https:\/\/vivamare.gr\/#\/schema\/logo\/image\/\",\"url\":\"https:\/\/vivamare.gr\/wp-content\/uploads\/2018\/04\/vm-logo.jpg\",\"contentUrl\":\"https:\/\/vivamare.gr\/wp-content\/uploads\/2018\/04\/vm-logo.jpg\",\"width\":402,\"height\":88,\"caption\":\"VIVA MARE HOTEL\"},\"image\":{\"@id\":\"https:\/\/vivamare.gr\/#\/schema\/logo\/image\/\"},\"sameAs\":[\"https:\/\/www.facebook.com\/Viva-Mare-Hotel-Spa-333175023385642\/\",\"https:\/\/www.instagram.com\/vivamarehotel\/\"]}]}<\/script>\n<!-- \/ Yoast SEO plugin. -->","yoast_head_json":{"title":"Molivos Bilgi | Viva Mare otel, Eftalou, Lesvos, Greece","description":"Molivos i\u00e7in \u015fairler \u015fark\u0131lar yazd\u0131, ressamlar onun i\u00e7in say\u0131s\u0131z resimler yapt\u0131, yazarlar ise hep onu anlatt\u0131, ve bug\u00fcne kadar binlerce ziyaret\u00e7isi onu.","robots":{"index":"index","follow":"follow","max-snippet":"max-snippet:-1","max-image-preview":"max-image-preview:large","max-video-preview":"max-video-preview:-1"},"canonical":"https:\/\/vivamare.gr\/tr\/molivos\/","og_locale":"tr_TR","og_type":"article","og_title":"Molivos Bilgi | Viva Mare otel, Eftalou, Lesvos, Greece","og_description":"Molivos i\u00e7in \u015fairler \u015fark\u0131lar yazd\u0131, ressamlar onun i\u00e7in say\u0131s\u0131z resimler yapt\u0131, yazarlar ise hep onu anlatt\u0131, ve bug\u00fcne kadar binlerce ziyaret\u00e7isi onu.","og_url":"https:\/\/vivamare.gr\/tr\/molivos\/","og_site_name":"Viva Mare","article_publisher":"https:\/\/www.facebook.com\/Viva-Mare-Hotel-Spa-333175023385642\/","article_modified_time":"2018-12-27T18:13:27+00:00","og_image":[{"url":"http:\/\/vivamare.gr\/wp-content\/uploads\/2018\/05\/hotels-molivos.jpg"}],"twitter_card":"summary_large_image","twitter_misc":{"Tahmini okuma s\u00fcresi":"1 dakika"},"schema":{"@context":"https:\/\/schema.org","@graph":[{"@type":"WebPage","@id":"https:\/\/vivamare.gr\/tr\/molivos\/","url":"https:\/\/vivamare.gr\/tr\/molivos\/","name":"Molivos Bilgi | Viva Mare otel, Eftalou, Lesvos, Greece","isPartOf":{"@id":"https:\/\/vivamare.gr\/#website"},"datePublished":"2018-05-02T22:12:33+00:00","dateModified":"2018-12-27T18:13:27+00:00","description":"Molivos i\u00e7in \u015fairler \u015fark\u0131lar yazd\u0131, ressamlar onun i\u00e7in say\u0131s\u0131z resimler yapt\u0131, yazarlar ise hep onu anlatt\u0131, ve bug\u00fcne kadar binlerce ziyaret\u00e7isi onu.","breadcrumb":{"@id":"https:\/\/vivamare.gr\/tr\/molivos\/#breadcrumb"},"inLanguage":"tr","potentialAction":[{"@type":"ReadAction","target":["https:\/\/vivamare.gr\/tr\/molivos\/"]}]},{"@type":"BreadcrumbList","@id":"https:\/\/vivamare.gr\/tr\/molivos\/#breadcrumb","itemListElement":[{"@type":"ListItem","position":1,"name":"Home","item":"https:\/\/vivamare.gr\/tr\/"},{"@type":"ListItem","position":2,"name":"Molivos"}]},{"@type":"WebSite","@id":"https:\/\/vivamare.gr\/#website","url":"https:\/\/vivamare.gr\/","name":"Viva Mare","description":"Hotel","publisher":{"@id":"https:\/\/vivamare.gr\/#organization"},"potentialAction":[{"@type":"SearchAction","target":{"@type":"EntryPoint","urlTemplate":"https:\/\/vivamare.gr\/?s={search_term_string}"},"query-input":"required name=search_term_string"}],"inLanguage":"tr"},{"@type":"Organization","@id":"https:\/\/vivamare.gr\/#organization","name":"VIVA MARE HOTEL","url":"https:\/\/vivamare.gr\/","logo":{"@type":"ImageObject","inLanguage":"tr","@id":"https:\/\/vivamare.gr\/#\/schema\/logo\/image\/","url":"https:\/\/vivamare.gr\/wp-content\/uploads\/2018\/04\/vm-logo.jpg","contentUrl":"https:\/\/vivamare.gr\/wp-content\/uploads\/2018\/04\/vm-logo.jpg","width":402,"height":88,"caption":"VIVA MARE HOTEL"},"image":{"@id":"https:\/\/vivamare.gr\/#\/schema\/logo\/image\/"},"sameAs":["https:\/\/www.facebook.com\/Viva-Mare-Hotel-Spa-333175023385642\/","https:\/\/www.instagram.com\/vivamarehotel\/"]}]}},"_links":{"self":[{"href":"https:\/\/vivamare.gr\/tr\/wp-json\/wp\/v2\/pages\/604"}],"collection":[{"href":"https:\/\/vivamare.gr\/tr\/wp-json\/wp\/v2\/pages"}],"about":[{"href":"https:\/\/vivamare.gr\/tr\/wp-json\/wp\/v2\/types\/page"}],"author":[{"embeddable":true,"href":"https:\/\/vivamare.gr\/tr\/wp-json\/wp\/v2\/users\/1"}],"replies":[{"embeddable":true,"href":"https:\/\/vivamare.gr\/tr\/wp-json\/wp\/v2\/comments?post=604"}],"version-history":[{"count":3,"href":"https:\/\/vivamare.gr\/tr\/wp-json\/wp\/v2\/pages\/604\/revisions"}],"predecessor-version":[{"id":925,"href":"https:\/\/vivamare.gr\/tr\/wp-json\/wp\/v2\/pages\/604\/revisions\/925"}],"wp:attachment":[{"href":"https:\/\/vivamare.gr\/tr\/wp-json\/wp\/v2\/media?parent=604"}],"curies":[{"name":"wp","href":"https:\/\/api.w.org\/{rel}","templated":true}]}}