{"id":619,"date":"2018-05-02T22:19:10","date_gmt":"2018-05-02T22:19:10","guid":{"rendered":"http:\/\/vivamare.gr\/?page_id=619"},"modified":"2018-12-27T18:18:11","modified_gmt":"2018-12-27T18:18:11","slug":"eftalu","status":"publish","type":"page","link":"https:\/\/vivamare.gr\/tr\/eftalu\/","title":{"rendered":"Eftalu"},"content":{"rendered":"<p style=\"text-align: justify;\">\u00d6zenli\u00a0 ve tamamen do\u011fal\u00a0 sahilleri ve kar\u015f\u0131s\u0131ndaki T\u00fcrkiye k\u0131y\u0131lar\u0131n\u0131n muhte\u015fem g\u00f6r\u00fcnt\u00fcs\u00fcyle Molivos\u2019un 4 km. kozeydo\u011fusunda yer alan \u015firin bir sahil k\u00f6y\u00fcd\u00fcr. Iss\u0131z, g\u00fcm\u00fc\u015f renkli sahillerinde y\u00fczebilir\u00a0 k\u0131y\u0131daki tavernalar\u0131nda yeme\u011finizi yiyebilirsiniz. K\u00f6yde ayr\u0131ca Yunanl\u0131 iki me\u015fhur yazar\u0131n \u0130lias Venezis ve Argiris Eftaliotis\u2019in\u00a0 m\u00fcze evlerini de ziyaret edebilirsiniz. Eftalu, \u015fifal\u0131 kapl\u0131calar\u0131yla \u00fcnl\u00fcd\u00fcr. Kayna\u011f\u0131ndan f\u0131\u015fk\u0131ran sodyumklor\u00fcrl\u00fc s\u0131cak sular\u0131 r\u00f6matizma, artrit, damar sertli\u011fi ve \u00e7e\u015fitli kad\u0131n hastal\u0131klar\u0131 tedavisinde birebirdir.<\/p>\n<p>Molivos ile Sykamnia aras\u0131ndaki sahil \u015feridinde \u00fc\u00e7 \u00f6zel yerle\u015fim birimi bulunur . Vafios, Argenos ve Lepetymnos .<br \/>\nVafios k\u00f6y\u00fc tavernalar\u0131ndaki b\u00fcy\u00fck meze \u00e7e\u015fidi ile\u00a0 tan\u0131n\u0131r.<br \/>\nArgenos\u00a0 k\u00f6y\u00fc \u00fcnl\u00fc yazar Yorgo Valeta\u2018n\u0131n\u00a0 do\u011fum yeri olup m\u00fcze evi ziyaret edilebilir .<br \/>\nLepetymnos ise Lesvos adas\u0131n\u0131n en yeni k\u00f6y\u00fc say\u0131l\u0131r. Eski k\u00f6y 35 y\u0131l evvel depremden tamamen yok olunca\u00a0 biraz ilerisinde s\u0131f\u0131rdan bu k\u00f6y in\u015fa edildi.<\/p>\n","protected":false},"excerpt":{"rendered":"<p>\u00d6zenli\u00a0 ve tamamen do\u011fal\u00a0 sahilleri ve kar\u015f\u0131s\u0131ndaki T\u00fcrkiye k\u0131y\u0131lar\u0131n\u0131n muhte\u015fem g\u00f6r\u00fcnt\u00fcs\u00fcyle Molivos\u2019un 4 km. kozeydo\u011fusunda yer alan \u015firin bir sahil k\u00f6y\u00fcd\u00fcr. Iss\u0131z, g\u00fcm\u00fc\u015f renkli sahillerinde y\u00fczebilir\u00a0 k\u0131y\u0131daki tavernalar\u0131nda yeme\u011finizi yiyebilirsiniz. K\u00f6yde ayr\u0131ca Yunanl\u0131 iki me\u015fhur yazar\u0131n \u0130lias Venezis ve Argiris Eftaliotis\u2019in\u00a0 m\u00fcze evlerini de ziyaret edebilirsiniz. Eftalu, \u015fifal\u0131 kapl\u0131calar\u0131yla \u00fcnl\u00fcd\u00fcr. Kayna\u011f\u0131ndan f\u0131\u015fk\u0131ran sodyumklor\u00fcrl\u00fc s\u0131cak sular\u0131 [&hellip;]<\/p>\n","protected":false},"author":1,"featured_media":0,"parent":0,"menu_order":0,"comment_status":"closed","ping_status":"closed","template":"","meta":[],"yoast_head":"<!-- This site is optimized with the Yoast SEO plugin v20.11 - https:\/\/yoast.com\/wordpress\/plugins\/seo\/ -->\n<title>Eftalu bilgi | Viva Mare otel, Molivos, Lesvos, Greece<\/title>\n<meta name=\"description\" content=\"Eftalu. \u00d6zenli\u00a0 ve tamamen do\u011fal\u00a0 sahilleri ve kar\u015f\u0131s\u0131ndaki T\u00fcrkiye k\u0131y\u0131lar\u0131n\u0131n muhte\u015fem g\u00f6r\u00fcnt\u00fcs\u00fcyle Molivos\u2019un 4 km. kozeydo\u011fusunda.\" \/>\n<meta name=\"robots\" content=\"index, follow, max-snippet:-1, max-image-preview:large, max-video-preview:-1\" \/>\n<link rel=\"canonical\" href=\"https:\/\/vivamare.gr\/tr\/eftalu\/\" \/>\n<meta property=\"og:locale\" content=\"tr_TR\" \/>\n<meta property=\"og:type\" content=\"article\" \/>\n<meta property=\"og:title\" content=\"Eftalu bilgi | Viva Mare otel, Molivos, Lesvos, Greece\" \/>\n<meta property=\"og:description\" content=\"Eftalu. \u00d6zenli\u00a0 ve tamamen do\u011fal\u00a0 sahilleri ve kar\u015f\u0131s\u0131ndaki T\u00fcrkiye k\u0131y\u0131lar\u0131n\u0131n muhte\u015fem g\u00f6r\u00fcnt\u00fcs\u00fcyle Molivos\u2019un 4 km. kozeydo\u011fusunda.\" \/>\n<meta property=\"og:url\" content=\"https:\/\/vivamare.gr\/tr\/eftalu\/\" \/>\n<meta property=\"og:site_name\" content=\"Viva Mare\" \/>\n<meta property=\"article:publisher\" content=\"https:\/\/www.facebook.com\/Viva-Mare-Hotel-Spa-333175023385642\/\" \/>\n<meta property=\"article:modified_time\" content=\"2018-12-27T18:18:11+00:00\" \/>\n<meta name=\"twitter:card\" content=\"summary_large_image\" \/>\n<meta name=\"twitter:label1\" content=\"Tahmini okuma s\u00fcresi\" \/>\n\t<meta name=\"twitter:data1\" content=\"1 dakika\" \/>\n<script type=\"application\/ld+json\" class=\"yoast-schema-graph\">{\"@context\":\"https:\/\/schema.org\",\"@graph\":[{\"@type\":\"WebPage\",\"@id\":\"https:\/\/vivamare.gr\/tr\/eftalu\/\",\"url\":\"https:\/\/vivamare.gr\/tr\/eftalu\/\",\"name\":\"Eftalu bilgi | Viva Mare otel, Molivos, Lesvos, Greece\",\"isPartOf\":{\"@id\":\"https:\/\/vivamare.gr\/#website\"},\"datePublished\":\"2018-05-02T22:19:10+00:00\",\"dateModified\":\"2018-12-27T18:18:11+00:00\",\"description\":\"Eftalu. \u00d6zenli\u00a0 ve tamamen do\u011fal\u00a0 sahilleri ve kar\u015f\u0131s\u0131ndaki T\u00fcrkiye k\u0131y\u0131lar\u0131n\u0131n muhte\u015fem g\u00f6r\u00fcnt\u00fcs\u00fcyle Molivos\u2019un 4 km. kozeydo\u011fusunda.\",\"breadcrumb\":{\"@id\":\"https:\/\/vivamare.gr\/tr\/eftalu\/#breadcrumb\"},\"inLanguage\":\"tr\",\"potentialAction\":[{\"@type\":\"ReadAction\",\"target\":[\"https:\/\/vivamare.gr\/tr\/eftalu\/\"]}]},{\"@type\":\"BreadcrumbList\",\"@id\":\"https:\/\/vivamare.gr\/tr\/eftalu\/#breadcrumb\",\"itemListElement\":[{\"@type\":\"ListItem\",\"position\":1,\"name\":\"Home\",\"item\":\"https:\/\/vivamare.gr\/tr\/\"},{\"@type\":\"ListItem\",\"position\":2,\"name\":\"Eftalu\"}]},{\"@type\":\"WebSite\",\"@id\":\"https:\/\/vivamare.gr\/#website\",\"url\":\"https:\/\/vivamare.gr\/\",\"name\":\"Viva Mare\",\"description\":\"Hotel\",\"publisher\":{\"@id\":\"https:\/\/vivamare.gr\/#organization\"},\"potentialAction\":[{\"@type\":\"SearchAction\",\"target\":{\"@type\":\"EntryPoint\",\"urlTemplate\":\"https:\/\/vivamare.gr\/?s={search_term_string}\"},\"query-input\":\"required name=search_term_string\"}],\"inLanguage\":\"tr\"},{\"@type\":\"Organization\",\"@id\":\"https:\/\/vivamare.gr\/#organization\",\"name\":\"VIVA MARE HOTEL\",\"url\":\"https:\/\/vivamare.gr\/\",\"logo\":{\"@type\":\"ImageObject\",\"inLanguage\":\"tr\",\"@id\":\"https:\/\/vivamare.gr\/#\/schema\/logo\/image\/\",\"url\":\"https:\/\/vivamare.gr\/wp-content\/uploads\/2018\/04\/vm-logo.jpg\",\"contentUrl\":\"https:\/\/vivamare.gr\/wp-content\/uploads\/2018\/04\/vm-logo.jpg\",\"width\":402,\"height\":88,\"caption\":\"VIVA MARE HOTEL\"},\"image\":{\"@id\":\"https:\/\/vivamare.gr\/#\/schema\/logo\/image\/\"},\"sameAs\":[\"https:\/\/www.facebook.com\/Viva-Mare-Hotel-Spa-333175023385642\/\",\"https:\/\/www.instagram.com\/vivamarehotel\/\"]}]}<\/script>\n<!-- \/ Yoast SEO plugin. -->","yoast_head_json":{"title":"Eftalu bilgi | Viva Mare otel, Molivos, Lesvos, Greece","description":"Eftalu. \u00d6zenli\u00a0 ve tamamen do\u011fal\u00a0 sahilleri ve kar\u015f\u0131s\u0131ndaki T\u00fcrkiye k\u0131y\u0131lar\u0131n\u0131n muhte\u015fem g\u00f6r\u00fcnt\u00fcs\u00fcyle Molivos\u2019un 4 km. kozeydo\u011fusunda.","robots":{"index":"index","follow":"follow","max-snippet":"max-snippet:-1","max-image-preview":"max-image-preview:large","max-video-preview":"max-video-preview:-1"},"canonical":"https:\/\/vivamare.gr\/tr\/eftalu\/","og_locale":"tr_TR","og_type":"article","og_title":"Eftalu bilgi | Viva Mare otel, Molivos, Lesvos, Greece","og_description":"Eftalu. \u00d6zenli\u00a0 ve tamamen do\u011fal\u00a0 sahilleri ve kar\u015f\u0131s\u0131ndaki T\u00fcrkiye k\u0131y\u0131lar\u0131n\u0131n muhte\u015fem g\u00f6r\u00fcnt\u00fcs\u00fcyle Molivos\u2019un 4 km. kozeydo\u011fusunda.","og_url":"https:\/\/vivamare.gr\/tr\/eftalu\/","og_site_name":"Viva Mare","article_publisher":"https:\/\/www.facebook.com\/Viva-Mare-Hotel-Spa-333175023385642\/","article_modified_time":"2018-12-27T18:18:11+00:00","twitter_card":"summary_large_image","twitter_misc":{"Tahmini okuma s\u00fcresi":"1 dakika"},"schema":{"@context":"https:\/\/schema.org","@graph":[{"@type":"WebPage","@id":"https:\/\/vivamare.gr\/tr\/eftalu\/","url":"https:\/\/vivamare.gr\/tr\/eftalu\/","name":"Eftalu bilgi | Viva Mare otel, Molivos, Lesvos, Greece","isPartOf":{"@id":"https:\/\/vivamare.gr\/#website"},"datePublished":"2018-05-02T22:19:10+00:00","dateModified":"2018-12-27T18:18:11+00:00","description":"Eftalu. \u00d6zenli\u00a0 ve tamamen do\u011fal\u00a0 sahilleri ve kar\u015f\u0131s\u0131ndaki T\u00fcrkiye k\u0131y\u0131lar\u0131n\u0131n muhte\u015fem g\u00f6r\u00fcnt\u00fcs\u00fcyle Molivos\u2019un 4 km. kozeydo\u011fusunda.","breadcrumb":{"@id":"https:\/\/vivamare.gr\/tr\/eftalu\/#breadcrumb"},"inLanguage":"tr","potentialAction":[{"@type":"ReadAction","target":["https:\/\/vivamare.gr\/tr\/eftalu\/"]}]},{"@type":"BreadcrumbList","@id":"https:\/\/vivamare.gr\/tr\/eftalu\/#breadcrumb","itemListElement":[{"@type":"ListItem","position":1,"name":"Home","item":"https:\/\/vivamare.gr\/tr\/"},{"@type":"ListItem","position":2,"name":"Eftalu"}]},{"@type":"WebSite","@id":"https:\/\/vivamare.gr\/#website","url":"https:\/\/vivamare.gr\/","name":"Viva Mare","description":"Hotel","publisher":{"@id":"https:\/\/vivamare.gr\/#organization"},"potentialAction":[{"@type":"SearchAction","target":{"@type":"EntryPoint","urlTemplate":"https:\/\/vivamare.gr\/?s={search_term_string}"},"query-input":"required name=search_term_string"}],"inLanguage":"tr"},{"@type":"Organization","@id":"https:\/\/vivamare.gr\/#organization","name":"VIVA MARE HOTEL","url":"https:\/\/vivamare.gr\/","logo":{"@type":"ImageObject","inLanguage":"tr","@id":"https:\/\/vivamare.gr\/#\/schema\/logo\/image\/","url":"https:\/\/vivamare.gr\/wp-content\/uploads\/2018\/04\/vm-logo.jpg","contentUrl":"https:\/\/vivamare.gr\/wp-content\/uploads\/2018\/04\/vm-logo.jpg","width":402,"height":88,"caption":"VIVA MARE HOTEL"},"image":{"@id":"https:\/\/vivamare.gr\/#\/schema\/logo\/image\/"},"sameAs":["https:\/\/www.facebook.com\/Viva-Mare-Hotel-Spa-333175023385642\/","https:\/\/www.instagram.com\/vivamarehotel\/"]}]}},"_links":{"self":[{"href":"https:\/\/vivamare.gr\/tr\/wp-json\/wp\/v2\/pages\/619"}],"collection":[{"href":"https:\/\/vivamare.gr\/tr\/wp-json\/wp\/v2\/pages"}],"about":[{"href":"https:\/\/vivamare.gr\/tr\/wp-json\/wp\/v2\/types\/page"}],"author":[{"embeddable":true,"href":"https:\/\/vivamare.gr\/tr\/wp-json\/wp\/v2\/users\/1"}],"replies":[{"embeddable":true,"href":"https:\/\/vivamare.gr\/tr\/wp-json\/wp\/v2\/comments?post=619"}],"version-history":[{"count":3,"href":"https:\/\/vivamare.gr\/tr\/wp-json\/wp\/v2\/pages\/619\/revisions"}],"predecessor-version":[{"id":927,"href":"https:\/\/vivamare.gr\/tr\/wp-json\/wp\/v2\/pages\/619\/revisions\/927"}],"wp:attachment":[{"href":"https:\/\/vivamare.gr\/tr\/wp-json\/wp\/v2\/media?parent=619"}],"curies":[{"name":"wp","href":"https:\/\/api.w.org\/{rel}","templated":true}]}}