{"id":633,"date":"2018-05-02T22:25:13","date_gmt":"2018-05-02T22:25:13","guid":{"rendered":"http:\/\/vivamare.gr\/?page_id=633"},"modified":"2018-12-27T18:04:02","modified_gmt":"2018-12-27T18:04:02","slug":"yunanistan","status":"publish","type":"page","link":"https:\/\/vivamare.gr\/tr\/yunanistan\/","title":{"rendered":"Yunanistan"},"content":{"rendered":"<p style=\"text-align: justify;\"><a href=\"http:\/\/vivamare.gr\/wp-content\/uploads\/2018\/05\/011.jpg\" data-lightbox=\"gal[633]\"><img decoding=\"async\" loading=\"lazy\" class=\"size-medium wp-image-625 alignleft\" src=\"http:\/\/vivamare.gr\/wp-content\/uploads\/2018\/05\/011-300x225.jpg\" alt=\"\" width=\"300\" height=\"225\" srcset=\"https:\/\/vivamare.gr\/wp-content\/uploads\/2018\/05\/011-300x225.jpg 300w, https:\/\/vivamare.gr\/wp-content\/uploads\/2018\/05\/011-768x576.jpg 768w, https:\/\/vivamare.gr\/wp-content\/uploads\/2018\/05\/011-750x563.jpg 750w, https:\/\/vivamare.gr\/wp-content\/uploads\/2018\/05\/011-555x416.jpg 555w, https:\/\/vivamare.gr\/wp-content\/uploads\/2018\/05\/011.jpg 800w\" sizes=\"(max-width: 300px) 100vw, 300px\" \/><\/a>Yunanistan, ziyaret\u00e7ilerine hayal edebilecekleri tatilin her \u00e7e\u015fidini sunabilen d\u00fcnyadaki az u\u011frak yerlerinden biridir. Bu a\u00e7\u0131dan k\u00fc\u00e7\u00fck bir cennet gibidir.\u00a0Ziyaret\u00e7i, Mani ve Girit\u2019in y\u00fcksek da\u011flar\u0131ndan Tesalya b\u00f6lgesinin ovalar\u0131na kadar, Ege veya \u0130yon denizi adalar\u0131ndan\u00a0 Akropol\u2019\u00fcn eteklerine kadar, da\u011f\u0131 ve denizi , ge\u00e7mi\u015fi ve \u015fimdiki zaman\u0131, l\u00fcks turizmi\u00a0 veya yayan\u00a0 k\u0131rsal turizmi, adeta her\u015feyi, bir arada g\u00f6rme f\u0131rsat\u0131na sahiptir .<\/p>\n<p>&nbsp;<\/p>\n<p style=\"text-align: justify;\"><a href=\"http:\/\/vivamare.gr\/wp-content\/uploads\/2018\/05\/05met.jpg\" data-lightbox=\"gal[633]\"><img decoding=\"async\" loading=\"lazy\" class=\"size-medium wp-image-624 alignright\" src=\"http:\/\/vivamare.gr\/wp-content\/uploads\/2018\/05\/05met-300x225.jpg\" alt=\"\" width=\"300\" height=\"225\" srcset=\"https:\/\/vivamare.gr\/wp-content\/uploads\/2018\/05\/05met-300x225.jpg 300w, https:\/\/vivamare.gr\/wp-content\/uploads\/2018\/05\/05met-768x576.jpg 768w, https:\/\/vivamare.gr\/wp-content\/uploads\/2018\/05\/05met-750x563.jpg 750w, https:\/\/vivamare.gr\/wp-content\/uploads\/2018\/05\/05met-555x416.jpg 555w, https:\/\/vivamare.gr\/wp-content\/uploads\/2018\/05\/05met.jpg 800w\" sizes=\"(max-width: 300px) 100vw, 300px\" \/><\/a>Yunanistan\u2019da hi\u00e7 s\u0131k\u0131lmayacak ve hi\u00e7 uyumayacaks\u0131n\u0131z . Sakl\u0131 kiliselerden , dar sokaklara , e\u015fsiz an\u0131tlar\u0131ndan romantik g\u00fcn bat\u0131\u015flar\u0131na kadar ve sabahlara kadar s\u00fcren \u00e7\u0131lg\u0131n gece hayat\u0131yla Yunanistan\u2019da tatil kesinlikle \u201cturistik paket\u201d \u2019e s\u0131\u011fd\u0131r\u0131lamaz . Zaten \u00fclkenin kendisi de \u201ckal\u0131p\u201d lara s\u0131\u011fm\u0131yor.\u00a0Burada tek kelime ile diledi\u011finiz gibi ya\u015fayacaks\u0131n\u0131z. Bu belki, sevdi\u011finiz ki\u015fi ile ruh sakinli\u011fi i\u00e7inde deniz k\u0131y\u0131s\u0131nda y\u00fcr\u00fcmek, belki de sabahlara kadar \u00e7e\u015fitli yeni tecr\u00fcbelerin pe\u015finde ko\u015fmakt\u0131r.<\/p>\n","protected":false},"excerpt":{"rendered":"<p>Yunanistan, ziyaret\u00e7ilerine hayal edebilecekleri tatilin her \u00e7e\u015fidini sunabilen d\u00fcnyadaki az u\u011frak yerlerinden biridir. Bu a\u00e7\u0131dan k\u00fc\u00e7\u00fck bir cennet gibidir.\u00a0Ziyaret\u00e7i, Mani ve Girit\u2019in y\u00fcksek da\u011flar\u0131ndan Tesalya b\u00f6lgesinin ovalar\u0131na kadar, Ege veya \u0130yon denizi adalar\u0131ndan\u00a0 Akropol\u2019\u00fcn eteklerine kadar, da\u011f\u0131 ve denizi , ge\u00e7mi\u015fi ve \u015fimdiki zaman\u0131, l\u00fcks turizmi\u00a0 veya yayan\u00a0 k\u0131rsal turizmi, adeta her\u015feyi, bir arada g\u00f6rme [&hellip;]<\/p>\n","protected":false},"author":1,"featured_media":0,"parent":0,"menu_order":0,"comment_status":"closed","ping_status":"closed","template":"","meta":[],"yoast_head":"<!-- This site is optimized with the Yoast SEO plugin v20.11 - https:\/\/yoast.com\/wordpress\/plugins\/seo\/ -->\n<title>Yunanistan | Viva Mare otel Eftalou - Molivos, Lesvos<\/title>\n<meta name=\"description\" content=\"Yunanistan, ziyaret\u00e7ilerine hayal edebilecekleri tatilin her \u00e7e\u015fidini sunabilen d\u00fcnyadaki az u\u011frak yerlerinden biridir. Bu a\u00e7\u0131dan k\u00fc\u00e7\u00fck bir cennet gibidir\" \/>\n<meta name=\"robots\" content=\"index, follow, max-snippet:-1, max-image-preview:large, max-video-preview:-1\" \/>\n<link rel=\"canonical\" href=\"https:\/\/vivamare.gr\/tr\/yunanistan\/\" \/>\n<meta property=\"og:locale\" content=\"tr_TR\" \/>\n<meta property=\"og:type\" content=\"article\" \/>\n<meta property=\"og:title\" content=\"Yunanistan | Viva Mare otel Eftalou - Molivos, Lesvos\" \/>\n<meta property=\"og:description\" content=\"Yunanistan, ziyaret\u00e7ilerine hayal edebilecekleri tatilin her \u00e7e\u015fidini sunabilen d\u00fcnyadaki az u\u011frak yerlerinden biridir. Bu a\u00e7\u0131dan k\u00fc\u00e7\u00fck bir cennet gibidir\" \/>\n<meta property=\"og:url\" content=\"https:\/\/vivamare.gr\/tr\/yunanistan\/\" \/>\n<meta property=\"og:site_name\" content=\"Viva Mare\" \/>\n<meta property=\"article:publisher\" content=\"https:\/\/www.facebook.com\/Viva-Mare-Hotel-Spa-333175023385642\/\" \/>\n<meta property=\"article:modified_time\" content=\"2018-12-27T18:04:02+00:00\" \/>\n<meta property=\"og:image\" content=\"http:\/\/vivamare.gr\/wp-content\/uploads\/2018\/05\/011-300x225.jpg\" \/>\n<meta name=\"twitter:card\" content=\"summary_large_image\" \/>\n<meta name=\"twitter:label1\" content=\"Tahmini okuma s\u00fcresi\" \/>\n\t<meta name=\"twitter:data1\" content=\"1 dakika\" \/>\n<script type=\"application\/ld+json\" class=\"yoast-schema-graph\">{\"@context\":\"https:\/\/schema.org\",\"@graph\":[{\"@type\":\"WebPage\",\"@id\":\"https:\/\/vivamare.gr\/tr\/yunanistan\/\",\"url\":\"https:\/\/vivamare.gr\/tr\/yunanistan\/\",\"name\":\"Yunanistan | Viva Mare otel Eftalou - Molivos, Lesvos\",\"isPartOf\":{\"@id\":\"https:\/\/vivamare.gr\/#website\"},\"datePublished\":\"2018-05-02T22:25:13+00:00\",\"dateModified\":\"2018-12-27T18:04:02+00:00\",\"description\":\"Yunanistan, ziyaret\u00e7ilerine hayal edebilecekleri tatilin her \u00e7e\u015fidini sunabilen d\u00fcnyadaki az u\u011frak yerlerinden biridir. Bu a\u00e7\u0131dan k\u00fc\u00e7\u00fck bir cennet gibidir\",\"breadcrumb\":{\"@id\":\"https:\/\/vivamare.gr\/tr\/yunanistan\/#breadcrumb\"},\"inLanguage\":\"tr\",\"potentialAction\":[{\"@type\":\"ReadAction\",\"target\":[\"https:\/\/vivamare.gr\/tr\/yunanistan\/\"]}]},{\"@type\":\"BreadcrumbList\",\"@id\":\"https:\/\/vivamare.gr\/tr\/yunanistan\/#breadcrumb\",\"itemListElement\":[{\"@type\":\"ListItem\",\"position\":1,\"name\":\"Home\",\"item\":\"https:\/\/vivamare.gr\/tr\/\"},{\"@type\":\"ListItem\",\"position\":2,\"name\":\"Yunanistan\"}]},{\"@type\":\"WebSite\",\"@id\":\"https:\/\/vivamare.gr\/#website\",\"url\":\"https:\/\/vivamare.gr\/\",\"name\":\"Viva Mare\",\"description\":\"Hotel\",\"publisher\":{\"@id\":\"https:\/\/vivamare.gr\/#organization\"},\"potentialAction\":[{\"@type\":\"SearchAction\",\"target\":{\"@type\":\"EntryPoint\",\"urlTemplate\":\"https:\/\/vivamare.gr\/?s={search_term_string}\"},\"query-input\":\"required name=search_term_string\"}],\"inLanguage\":\"tr\"},{\"@type\":\"Organization\",\"@id\":\"https:\/\/vivamare.gr\/#organization\",\"name\":\"VIVA MARE HOTEL\",\"url\":\"https:\/\/vivamare.gr\/\",\"logo\":{\"@type\":\"ImageObject\",\"inLanguage\":\"tr\",\"@id\":\"https:\/\/vivamare.gr\/#\/schema\/logo\/image\/\",\"url\":\"https:\/\/vivamare.gr\/wp-content\/uploads\/2018\/04\/vm-logo.jpg\",\"contentUrl\":\"https:\/\/vivamare.gr\/wp-content\/uploads\/2018\/04\/vm-logo.jpg\",\"width\":402,\"height\":88,\"caption\":\"VIVA MARE HOTEL\"},\"image\":{\"@id\":\"https:\/\/vivamare.gr\/#\/schema\/logo\/image\/\"},\"sameAs\":[\"https:\/\/www.facebook.com\/Viva-Mare-Hotel-Spa-333175023385642\/\",\"https:\/\/www.instagram.com\/vivamarehotel\/\"]}]}<\/script>\n<!-- \/ Yoast SEO plugin. -->","yoast_head_json":{"title":"Yunanistan | Viva Mare otel Eftalou - Molivos, Lesvos","description":"Yunanistan, ziyaret\u00e7ilerine hayal edebilecekleri tatilin her \u00e7e\u015fidini sunabilen d\u00fcnyadaki az u\u011frak yerlerinden biridir. Bu a\u00e7\u0131dan k\u00fc\u00e7\u00fck bir cennet gibidir","robots":{"index":"index","follow":"follow","max-snippet":"max-snippet:-1","max-image-preview":"max-image-preview:large","max-video-preview":"max-video-preview:-1"},"canonical":"https:\/\/vivamare.gr\/tr\/yunanistan\/","og_locale":"tr_TR","og_type":"article","og_title":"Yunanistan | Viva Mare otel Eftalou - Molivos, Lesvos","og_description":"Yunanistan, ziyaret\u00e7ilerine hayal edebilecekleri tatilin her \u00e7e\u015fidini sunabilen d\u00fcnyadaki az u\u011frak yerlerinden biridir. Bu a\u00e7\u0131dan k\u00fc\u00e7\u00fck bir cennet gibidir","og_url":"https:\/\/vivamare.gr\/tr\/yunanistan\/","og_site_name":"Viva Mare","article_publisher":"https:\/\/www.facebook.com\/Viva-Mare-Hotel-Spa-333175023385642\/","article_modified_time":"2018-12-27T18:04:02+00:00","og_image":[{"url":"http:\/\/vivamare.gr\/wp-content\/uploads\/2018\/05\/011-300x225.jpg"}],"twitter_card":"summary_large_image","twitter_misc":{"Tahmini okuma s\u00fcresi":"1 dakika"},"schema":{"@context":"https:\/\/schema.org","@graph":[{"@type":"WebPage","@id":"https:\/\/vivamare.gr\/tr\/yunanistan\/","url":"https:\/\/vivamare.gr\/tr\/yunanistan\/","name":"Yunanistan | Viva Mare otel Eftalou - Molivos, Lesvos","isPartOf":{"@id":"https:\/\/vivamare.gr\/#website"},"datePublished":"2018-05-02T22:25:13+00:00","dateModified":"2018-12-27T18:04:02+00:00","description":"Yunanistan, ziyaret\u00e7ilerine hayal edebilecekleri tatilin her \u00e7e\u015fidini sunabilen d\u00fcnyadaki az u\u011frak yerlerinden biridir. Bu a\u00e7\u0131dan k\u00fc\u00e7\u00fck bir cennet gibidir","breadcrumb":{"@id":"https:\/\/vivamare.gr\/tr\/yunanistan\/#breadcrumb"},"inLanguage":"tr","potentialAction":[{"@type":"ReadAction","target":["https:\/\/vivamare.gr\/tr\/yunanistan\/"]}]},{"@type":"BreadcrumbList","@id":"https:\/\/vivamare.gr\/tr\/yunanistan\/#breadcrumb","itemListElement":[{"@type":"ListItem","position":1,"name":"Home","item":"https:\/\/vivamare.gr\/tr\/"},{"@type":"ListItem","position":2,"name":"Yunanistan"}]},{"@type":"WebSite","@id":"https:\/\/vivamare.gr\/#website","url":"https:\/\/vivamare.gr\/","name":"Viva Mare","description":"Hotel","publisher":{"@id":"https:\/\/vivamare.gr\/#organization"},"potentialAction":[{"@type":"SearchAction","target":{"@type":"EntryPoint","urlTemplate":"https:\/\/vivamare.gr\/?s={search_term_string}"},"query-input":"required name=search_term_string"}],"inLanguage":"tr"},{"@type":"Organization","@id":"https:\/\/vivamare.gr\/#organization","name":"VIVA MARE HOTEL","url":"https:\/\/vivamare.gr\/","logo":{"@type":"ImageObject","inLanguage":"tr","@id":"https:\/\/vivamare.gr\/#\/schema\/logo\/image\/","url":"https:\/\/vivamare.gr\/wp-content\/uploads\/2018\/04\/vm-logo.jpg","contentUrl":"https:\/\/vivamare.gr\/wp-content\/uploads\/2018\/04\/vm-logo.jpg","width":402,"height":88,"caption":"VIVA MARE HOTEL"},"image":{"@id":"https:\/\/vivamare.gr\/#\/schema\/logo\/image\/"},"sameAs":["https:\/\/www.facebook.com\/Viva-Mare-Hotel-Spa-333175023385642\/","https:\/\/www.instagram.com\/vivamarehotel\/"]}]}},"_links":{"self":[{"href":"https:\/\/vivamare.gr\/tr\/wp-json\/wp\/v2\/pages\/633"}],"collection":[{"href":"https:\/\/vivamare.gr\/tr\/wp-json\/wp\/v2\/pages"}],"about":[{"href":"https:\/\/vivamare.gr\/tr\/wp-json\/wp\/v2\/types\/page"}],"author":[{"embeddable":true,"href":"https:\/\/vivamare.gr\/tr\/wp-json\/wp\/v2\/users\/1"}],"replies":[{"embeddable":true,"href":"https:\/\/vivamare.gr\/tr\/wp-json\/wp\/v2\/comments?post=633"}],"version-history":[{"count":2,"href":"https:\/\/vivamare.gr\/tr\/wp-json\/wp\/v2\/pages\/633\/revisions"}],"predecessor-version":[{"id":635,"href":"https:\/\/vivamare.gr\/tr\/wp-json\/wp\/v2\/pages\/633\/revisions\/635"}],"wp:attachment":[{"href":"https:\/\/vivamare.gr\/tr\/wp-json\/wp\/v2\/media?parent=633"}],"curies":[{"name":"wp","href":"https:\/\/api.w.org\/{rel}","templated":true}]}}